{"id":7831,"date":"2024-09-12T11:37:55","date_gmt":"2024-09-12T09:37:55","guid":{"rendered":"https:\/\/paticientific.org\/?page_id=7831"},"modified":"2024-10-29T12:02:35","modified_gmt":"2024-10-29T11:02:35","slug":"instrumentacio","status":"publish","type":"page","link":"https:\/\/paticientific.org\/index.php\/instrumentacio\/","title":{"rendered":"Instrumentaci\u00f3"},"content":{"rendered":"\n<p>[cl_page_header type=\u00bbmodern\u00bb height=\u00bb250&#8243; background_color=\u00bb#0032ff\u00bb background_image=\u00bbid:5403|url:http%253A%252F%252Fpaticientific.org%252Fwp-content%252Fuploads%252F2020%252F10%252Fbackground2.jpg\u00bb description=\u00bb\u00bb title=\u00bbInstrumentaci\u00f3\u00bb text_color=\u00bblight-text\u00bb desc_line_height=\u00bb30&#8243; typography=\u00bbcustom_font\u00bb title_font_size=\u00bb60&#8243; title_line_height=\u00bb100&#8243; overlay=\u00bbcolor\u00bb overlay_color=\u00bb#0032ff\u00bb overlay_gradient=\u00bbdisco\u00bb title_font_weight=\u00bb800&#8243; desc_font_size=\u00bb20&#8243; background_position=\u00bbcenter center\u00bb][cl_row css_style=\u00bbpadding-bottom:\u00bb background_color=\u00bbrgba(255,255,255,0.86)\u00bb][cl_column horizontal_align=\u00bbmiddle\u00bb vertical_align=\u00bbmiddle\u00bb css_style=\u00bbpadding-top:|padding-right:\u00bb]<\/p>\n\n\n<p>[cl_custom_heading typography=\u00bbcustom_font\u00bb text_font_size=\u00bb40&#8243; text_font_weight=\u00bb800&#8243; text_line_height=\u00bb52&#8243; text_transform=\u00bbnone\u00bb text_color=\u00bb#000000&#8243;]<\/p>\n<p>Instrumentacio<\/p>\n<p style=\"text-align: center;\">[\/cl_custom_heading]<\/p>\n\n\n\n<p>[cl_text custom_typography=\u00bb1&#8243; text_font_size=\u00bb16&#8243; text_font_weight=\u00bb300&#8243; text_line_height=\u00bb24&#8243; text_color=\u00bb#000000&#8243; css_style=\u00bbmargin-top:20px\u00bb]<\/p>\n\n\n\n<p><\/p>\n\n\n\n<p>El nostre projecte utilitza una s\u00e8rie d&#8217;instruments senzills per\u00f2 essencials per dur a terme mesuraments cient\u00edfics en el mar. Aquests s\u00f3n els equips principals amb qu\u00e8 comptem:<\/p>\n\n\n\n<ol><li><strong>CTD (Conductivitat, Temperatura i Profunditat)<\/strong><br>Aquest dispositiu ens permet mesurar la salinitat (conductivitat), la temperatura i la profunditat de l&#8217;aigua, dades fonamentals per entendre l&#8217;estructura f\u00edsica de l&#8217;oce\u00e0.<\/li><li><strong>TD (Temperatura i Profunditat)<\/strong><br>Similar al CTD per\u00f2 m\u00e9s senzill, el TD ens proporciona informaci\u00f3 r\u00e0pida sobre la temperatura i la profunditat de l&#8217;aigua en diferents punts del mar.<\/li><li><strong>Disc de Secchi<\/strong><br>Un instrument tradicional per mesurar la transpar\u00e8ncia de l\u2019aigua. Es submergeix en el mar fins que desapareix de la vista, i la profunditat a la qual aix\u00f2 passa ens indica la claredat de l\u2019aigua.<\/li><li><strong>Medidor de Batimetria<\/strong><br>Aquest instrument mesura la profunditat del fons mar\u00ed, ajudant-nos a elaborar mapes b\u00e0sics de les caracter\u00edstiques submarines de la zona.<\/li><li><strong>Estaci\u00f3 meteorol\u00f2gica<\/strong><br>Instal\u00b7lada al port, aquesta estaci\u00f3 mesura variables clim\u00e0tiques com la temperatura de l&#8217;aire, la velocitat i direcci\u00f3 del vent, la pressi\u00f3 atmosf\u00e8rica i la humitat. Aquesta informaci\u00f3 \u00e9s crucial per avaluar les condicions ambientals en les quals es realitzen les nostres mesures.<\/li><\/ol>\n\n\n\n<p><\/p>\n\n\n\n<p><\/p>\n\n\n\n<div style=\"height:60px\" aria-hidden=\"true\" class=\"wp-block-spacer\"><\/div>\n\n\n\n<div class=\"wp-block-columns\">\n<div class=\"wp-block-column\">\n<div class=\"wp-block-image\"><figure class=\"alignright\"><a href=\"https:\/\/paticientific.org\/index.php\/dades_superficie\/?aiEnableCheckShortcode=true\"><img loading=\"lazy\" width=\"300\" height=\"225\" src=\"https:\/\/paticientific.org\/wp-content\/uploads\/2021\/09\/Continu-2-300x225.jpg\" alt=\"\" class=\"wp-image-6475\" srcset=\"https:\/\/paticientific.org\/wp-content\/uploads\/2021\/09\/Continu-2-300x225.jpg 300w, https:\/\/paticientific.org\/wp-content\/uploads\/2021\/09\/Continu-2-1024x768.jpg 1024w, https:\/\/paticientific.org\/wp-content\/uploads\/2021\/09\/Continu-2-768x576.jpg 768w, https:\/\/paticientific.org\/wp-content\/uploads\/2021\/09\/Continu-2-1536x1152.jpg 1536w, https:\/\/paticientific.org\/wp-content\/uploads\/2021\/09\/Continu-2-2048x1536.jpg 2048w\" sizes=\"(max-width: 300px) 100vw, 300px\" \/><\/a><\/figure><\/div>\n\n\n\n<p class=\"has-text-align-right\"><a href=\"https:\/\/paticientific.org\/index.php\/dades_superficie\/?aiEnableCheckShortcode=true\">Dades de superf\u00edcie<\/a><\/p>\n<\/div>\n\n\n\n<div class=\"wp-block-column\">\n<div class=\"wp-block-image\"><figure class=\"alignleft size-large is-resized\"><img loading=\"lazy\" src=\"https:\/\/paticientific.org\/wp-content\/uploads\/2022\/08\/20220825_114153-scaled-e1661757601397-1024x723.jpg\" alt=\"\" class=\"wp-image-7506\" width=\"316\" height=\"223\" srcset=\"https:\/\/paticientific.org\/wp-content\/uploads\/2022\/08\/20220825_114153-scaled-e1661757601397-1024x723.jpg 1024w, https:\/\/paticientific.org\/wp-content\/uploads\/2022\/08\/20220825_114153-scaled-e1661757601397-300x212.jpg 300w, https:\/\/paticientific.org\/wp-content\/uploads\/2022\/08\/20220825_114153-scaled-e1661757601397-768x542.jpg 768w, https:\/\/paticientific.org\/wp-content\/uploads\/2022\/08\/20220825_114153-scaled-e1661757601397-1536x1085.jpg 1536w, https:\/\/paticientific.org\/wp-content\/uploads\/2022\/08\/20220825_114153-scaled-e1661757601397.jpg 1920w\" sizes=\"(max-width: 316px) 100vw, 316px\" \/><\/figure><\/div>\n\n\n\n<p class=\"has-text-align-left\"><a href=\"https:\/\/paticientific.org\/index.php\/salinitat-en-profunditat\/\"><\/a><a href=\"https:\/\/paticientific.org\/index.php\/sonda-batimetrica\/\">Sonda Batim\u00e9trica<\/a><\/p>\n<\/div>\n<\/div>\n\n\n\n<div class=\"wp-block-columns\">\n<div class=\"wp-block-column\">\n<div class=\"wp-block-image\"><figure class=\"alignright is-resized\"><a href=\"https:\/\/paticientific.org\/index.php\/dades-td\/\"><img loading=\"lazy\" src=\"https:\/\/paticientific.org\/wp-content\/uploads\/2021\/09\/TD-300x225.jpg\" alt=\"\" class=\"wp-image-6429\" width=\"303\" height=\"227\" srcset=\"https:\/\/paticientific.org\/wp-content\/uploads\/2021\/09\/TD-300x225.jpg 300w, https:\/\/paticientific.org\/wp-content\/uploads\/2021\/09\/TD.jpg 538w\" sizes=\"(max-width: 303px) 100vw, 303px\" \/><\/a><\/figure><\/div>\n\n\n\n<p class=\"has-text-align-right\"><a href=\"https:\/\/paticientific.org\/index.php\/dades-td\/\">Temperatura vs profunditat<\/a><\/p>\n<\/div>\n\n\n\n<div class=\"wp-block-column\">\n<div class=\"wp-block-image\"><figure class=\"alignleft size-full is-resized\"><a href=\"https:\/\/paticientific.org\/index.php\/salinitat-en-profunditat\/\"><img loading=\"lazy\" src=\"https:\/\/paticientific.org\/wp-content\/uploads\/2022\/08\/IMG_5269-edited.jpg\" alt=\"\" class=\"wp-image-7455\" width=\"319\" height=\"239\" srcset=\"https:\/\/paticientific.org\/wp-content\/uploads\/2022\/08\/IMG_5269-edited.jpg 600w, https:\/\/paticientific.org\/wp-content\/uploads\/2022\/08\/IMG_5269-edited-300x225.jpg 300w\" sizes=\"(max-width: 319px) 100vw, 319px\" \/><\/a><\/figure><\/div>\n\n\n\n<p class=\"has-text-align-left\"><a href=\"https:\/\/paticientific.org\/index.php\/salinitat-en-profunditat\/\">Salinitat vs profunditat<\/a><\/p>\n<\/div>\n<\/div>\n","protected":false},"excerpt":{"rendered":"<p>[cl_page_header type=\u00bbmodern\u00bb height=\u00bb250&#8243; background_color=\u00bb#0032ff\u00bb background_image=\u00bbid:5403|url:http%253A%252F%252Fpaticientific.org%252Fwp-content%252Fuploads%252F2020%252F10%252Fbackground2.jpg\u00bb description=\u00bb\u00bb title=\u00bbInstrumentaci\u00f3\u00bb text_color=\u00bblight-text\u00bb desc_line_height=\u00bb30&#8243; typography=\u00bbcustom_font\u00bb title_font_size=\u00bb60&#8243; title_line_height=\u00bb100&#8243; overlay=\u00bbcolor\u00bb overlay_color=\u00bb#0032ff\u00bb overlay_gradient=\u00bbdisco\u00bb title_font_weight=\u00bb800&#8243; desc_font_size=\u00bb20&#8243; background_position=\u00bbcenter center\u00bb][cl_row css_style=\u00bbpadding-bottom:\u00bb background_color=\u00bbrgba(255,255,255,0.86)\u00bb][cl_column horizontal_align=\u00bbmiddle\u00bb vertical_align=\u00bbmiddle\u00bb css_style=\u00bbpadding-top:|padding-right:\u00bb] [cl_text custom_typography=\u00bb1&#8243; text_font_size=\u00bb16&#8243; text_font_weight=\u00bb300&#8243; text_line_height=\u00bb24&#8243; text_color=\u00bb#000000&#8243; css_style=\u00bbmargin-top:20px\u00bb] El nostre projecte utilitza una s\u00e8rie d&#8217;instruments senzills per\u00f2 essencials per dur a terme mesuraments cient\u00edfics en el mar. Aquests s\u00f3n els equips principals amb [&hellip;]<\/p>\n","protected":false},"author":1,"featured_media":0,"parent":0,"menu_order":0,"comment_status":"closed","ping_status":"closed","template":"","meta":[],"_links":{"self":[{"href":"https:\/\/paticientific.org\/index.php\/wp-json\/wp\/v2\/pages\/7831"}],"collection":[{"href":"https:\/\/paticientific.org\/index.php\/wp-json\/wp\/v2\/pages"}],"about":[{"href":"https:\/\/paticientific.org\/index.php\/wp-json\/wp\/v2\/types\/page"}],"author":[{"embeddable":true,"href":"https:\/\/paticientific.org\/index.php\/wp-json\/wp\/v2\/users\/1"}],"replies":[{"embeddable":true,"href":"https:\/\/paticientific.org\/index.php\/wp-json\/wp\/v2\/comments?post=7831"}],"version-history":[{"count":8,"href":"https:\/\/paticientific.org\/index.php\/wp-json\/wp\/v2\/pages\/7831\/revisions"}],"predecessor-version":[{"id":7858,"href":"https:\/\/paticientific.org\/index.php\/wp-json\/wp\/v2\/pages\/7831\/revisions\/7858"}],"wp:attachment":[{"href":"https:\/\/paticientific.org\/index.php\/wp-json\/wp\/v2\/media?parent=7831"}],"curies":[{"name":"wp","href":"https:\/\/api.w.org\/{rel}","templated":true}]}}