{"id":7510,"date":"2022-08-29T09:56:32","date_gmt":"2022-08-29T07:56:32","guid":{"rendered":"https:\/\/paticientific.org\/?page_id=7510"},"modified":"2023-02-23T09:46:39","modified_gmt":"2023-02-23T08:46:39","slug":"dades","status":"publish","type":"page","link":"https:\/\/paticientific.org\/index.php\/dades\/","title":{"rendered":"Dades"},"content":{"rendered":"<p>[cl_page_header type=\u00bbmodern\u00bb height=\u00bb250&#8243; background_color=\u00bb#0032ff\u00bb background_image=\u00bbid:5403|url:http%253A%252F%252Fpaticientific.org%252Fwp-content%252Fuploads%252F2020%252F10%252Fbackground2.jpg\u00bb description=\u00bb\u00bb title=\u00bbDades\u00bb text_color=\u00bblight-text\u00bb desc_line_height=\u00bb30&#8243; typography=\u00bbcustom_font\u00bb title_font_size=\u00bb60&#8243; title_line_height=\u00bb100&#8243; overlay=\u00bbcolor\u00bb overlay_color=\u00bb#0032ff\u00bb overlay_gradient=\u00bbdisco\u00bb title_font_weight=\u00bb800&#8243; desc_font_size=\u00bb20&#8243; background_position=\u00bbcenter center\u00bb][cl_row css_style=\u00bbpadding-bottom:\u00bb background_color=\u00bbrgba(255,255,255,0.86)\u00bb][cl_column horizontal_align=\u00bbmiddle\u00bb vertical_align=\u00bbmiddle\u00bb css_style=\u00bbpadding-top:|padding-right:\u00bb][cl_custom_heading typography=\u00bbcustom_font\u00bb text_font_size=\u00bb40&#8243; text_font_weight=\u00bb800&#8243; text_line_height=\u00bb52&#8243; text_transform=\u00bbnone\u00bb text_color=\u00bb#000000&#8243;]<\/p>\n<p>Dades oceanogr\u00e0fiques<\/p>\n<p style=\"text-align: center;\">[\/cl_custom_heading][cl_text custom_typography=\u00bb1&#8243; text_font_size=\u00bb16&#8243; text_font_weight=\u00bb300&#8243; text_line_height=\u00bb24&#8243; text_color=\u00bb#000000&#8243; css_style=\u00bbmargin-top:20px\u00bb]<\/p>\n<p>Consulta aqu\u00ed les dades recollides pel pat\u00ed cient\u00edfic<\/p>\n<p>\u00a0<\/p>\n\n\n<div class=\"wp-block-columns\">\n<div class=\"wp-block-column\">\n<div class=\"wp-block-image\"><figure class=\"alignright\"><a href=\"https:\/\/paticientific.org\/index.php\/dades_superficie\/?aiEnableCheckShortcode=true\"><img loading=\"lazy\" width=\"300\" height=\"225\" src=\"https:\/\/paticientific.org\/wp-content\/uploads\/2021\/09\/Continu-2-300x225.jpg\" alt=\"\" class=\"wp-image-6475\" srcset=\"https:\/\/paticientific.org\/wp-content\/uploads\/2021\/09\/Continu-2-300x225.jpg 300w, https:\/\/paticientific.org\/wp-content\/uploads\/2021\/09\/Continu-2-1024x768.jpg 1024w, https:\/\/paticientific.org\/wp-content\/uploads\/2021\/09\/Continu-2-768x576.jpg 768w, https:\/\/paticientific.org\/wp-content\/uploads\/2021\/09\/Continu-2-1536x1152.jpg 1536w, https:\/\/paticientific.org\/wp-content\/uploads\/2021\/09\/Continu-2-2048x1536.jpg 2048w\" sizes=\"(max-width: 300px) 100vw, 300px\" \/><\/a><\/figure><\/div>\n\n\n\n<p class=\"has-text-align-right\"><a href=\"https:\/\/paticientific.org\/index.php\/dades_superficie\/?aiEnableCheckShortcode=true\">Dades de superf\u00edcie<\/a><\/p>\n<\/div>\n\n\n\n<div class=\"wp-block-column\">\n<div class=\"wp-block-image\"><figure class=\"alignleft\"><a href=\"https:\/\/paticientific.org\/index.php\/dades-smart-citizen\/\"><img loading=\"lazy\" width=\"300\" height=\"225\" src=\"https:\/\/paticientific.org\/wp-content\/uploads\/2021\/09\/SmartCitizen-300x225.jpg\" alt=\"\" class=\"wp-image-6428\" srcset=\"https:\/\/paticientific.org\/wp-content\/uploads\/2021\/09\/SmartCitizen-300x225.jpg 300w, https:\/\/paticientific.org\/wp-content\/uploads\/2021\/09\/SmartCitizen.jpg 538w\" sizes=\"(max-width: 300px) 100vw, 300px\" \/><\/a><\/figure><\/div>\n\n\n\n<p class=\"has-text-align-left\"><a href=\"https:\/\/paticientific.org\/index.php\/dades-smart-citizen\/\">Smart Citizen<\/a><\/p>\n<\/div>\n<\/div>\n\n\n\n<div class=\"wp-block-columns\">\n<div class=\"wp-block-column\">\n<div class=\"wp-block-image\"><figure class=\"alignright is-resized\"><a href=\"https:\/\/paticientific.org\/index.php\/dades-td\/\"><img loading=\"lazy\" src=\"https:\/\/paticientific.org\/wp-content\/uploads\/2021\/09\/TD-300x225.jpg\" alt=\"\" class=\"wp-image-6429\" width=\"300\" height=\"225\" srcset=\"https:\/\/paticientific.org\/wp-content\/uploads\/2021\/09\/TD-300x225.jpg 300w, https:\/\/paticientific.org\/wp-content\/uploads\/2021\/09\/TD.jpg 538w\" sizes=\"(max-width: 300px) 100vw, 300px\" \/><\/a><\/figure><\/div>\n\n\n\n<p class=\"has-text-align-right\"><a href=\"https:\/\/paticientific.org\/index.php\/dades-td\/\">Temperatura vs profunditat<\/a><\/p>\n<\/div>\n\n\n\n<div class=\"wp-block-column\">\n<div class=\"wp-block-image\"><figure class=\"alignleft size-full is-resized\"><a href=\"https:\/\/paticientific.org\/index.php\/salinitat-en-profunditat\/\"><img loading=\"lazy\" src=\"https:\/\/paticientific.org\/wp-content\/uploads\/2022\/08\/IMG_5269-edited.jpg\" alt=\"\" class=\"wp-image-7455\" width=\"302\" height=\"226\" srcset=\"https:\/\/paticientific.org\/wp-content\/uploads\/2022\/08\/IMG_5269-edited.jpg 600w, https:\/\/paticientific.org\/wp-content\/uploads\/2022\/08\/IMG_5269-edited-300x225.jpg 300w\" sizes=\"(max-width: 302px) 100vw, 302px\" \/><\/a><\/figure><\/div>\n\n\n\n<p class=\"has-text-align-left\"><a href=\"https:\/\/paticientific.org\/index.php\/salinitat-en-profunditat\/\">Salinitat vs profunditat<\/a><\/p>\n<\/div>\n<\/div>\n\n\n\n<div class=\"wp-block-columns\">\n<div class=\"wp-block-column\">\n<div class=\"wp-block-image\"><figure class=\"alignright size-large is-resized\"><a href=\"https:\/\/paticientific.org\/index.php\/batimetria\/\"><img loading=\"lazy\" src=\"https:\/\/paticientific.org\/wp-content\/uploads\/2022\/08\/20220825_114153-scaled-e1661757601397-1024x723.jpg\" alt=\"\" class=\"wp-image-7506\" width=\"304\" height=\"214\" srcset=\"https:\/\/paticientific.org\/wp-content\/uploads\/2022\/08\/20220825_114153-scaled-e1661757601397-1024x723.jpg 1024w, https:\/\/paticientific.org\/wp-content\/uploads\/2022\/08\/20220825_114153-scaled-e1661757601397-300x212.jpg 300w, https:\/\/paticientific.org\/wp-content\/uploads\/2022\/08\/20220825_114153-scaled-e1661757601397-768x542.jpg 768w, https:\/\/paticientific.org\/wp-content\/uploads\/2022\/08\/20220825_114153-scaled-e1661757601397-1536x1085.jpg 1536w, https:\/\/paticientific.org\/wp-content\/uploads\/2022\/08\/20220825_114153-scaled-e1661757601397.jpg 1920w\" sizes=\"(max-width: 304px) 100vw, 304px\" \/><\/a><\/figure><\/div>\n\n\n\n<p class=\"has-text-align-right\"><a href=\"https:\/\/paticientific.org\/index.php\/batimetria\/\">Batimetria<\/a><\/p>\n<\/div>\n\n\n\n<div class=\"wp-block-column\">\n<div class=\"wp-block-image\"><figure class=\"alignleft size-full is-resized\"><a href=\"http:\/\/data.utm.csic.es\/geonetwork\/srv\/eng\/catalog.search#\/metadata\/urn:SDN:CDI:LOCAL:29PC20210728_td\" target=\"_blank\" rel=\"noopener\"><img loading=\"lazy\" src=\"https:\/\/paticientific.org\/wp-content\/uploads\/2023\/02\/index.png\" alt=\"\" class=\"wp-image-7792\" width=\"296\" height=\"55\" srcset=\"https:\/\/paticientific.org\/wp-content\/uploads\/2023\/02\/index.png 516w, https:\/\/paticientific.org\/wp-content\/uploads\/2023\/02\/index-300x56.png 300w\" sizes=\"(max-width: 296px) 100vw, 296px\" \/><\/a><\/figure><\/div>\n\n\n\n<p class=\"has-text-align-left\"><a href=\"http:\/\/data.utm.csic.es\/geonetwork\/srv\/eng\/catalog.search#\/metadata\/urn:SDN:CDI:LOCAL:29PC20210728_td\" target=\"_blank\" rel=\"noreferrer noopener\">Base de dades de la UTM <\/a><\/p>\n<\/div>\n<\/div>\n\n\n<div style=\"margin-bottom: 10em;\"><span style=\"display: none;\">.<\/span><\/div>\n\n\n<p class=\"has-text-align-center\"><strong>Dades de vent en temps real<\/strong><\/p>\n\n\n\n<p>Visualitzaci\u00f3:&nbsp;<a href=\"#\">Holfuy<\/a><\/p>\n\n\n\n<p class=\"has-text-align-center\"><style>\n       .errordiv { padding:10px; margin:10px; border: 1px solid #555555;color: #000000;background-color: #f8f8f8; width:500px; }#advanced_iframe {visibility:visible;opacity:1;vertical-align:top;}.ai-info-bottom-iframe { position: fixed; z-index: 10000; bottom:0; left: 0; margin: 0px; text-align: center; width: 100%; background-color: #ff9999; padding-left: 5px;padding-bottom: 5px; border-top: 1px solid #aaa } a.ai-bold {font-weight: bold;}#ai-layer-div-advanced_iframe p {height:100%;margin:0;padding:0}<\/style><script type=\"text\/javascript\">var ai_iframe_width_advanced_iframe = 0;var ai_iframe_height_advanced_iframe = 0;function aiReceiveMessageadvanced_iframe(event) {  aiProcessMessage(event,\"advanced_iframe\", \"true\");}if (window.addEventListener) {  window.addEventListener(\"message\", aiReceiveMessageadvanced_iframe);} else if (el.attachEvent)  {  el.attachEvent(\"message\", aiReceiveMessageadvanced_iframe);}var aiOnloadScrollTop=\"true\";var aiShowDebug=false;\n\t\tif (typeof aiReadyCallbacks === 'undefined') {\n\t\t\tvar aiReadyCallbacks = [];\n\t\t} else if (!(aiReadyCallbacks instanceof Array)) {\n\t\t\tvar aiReadyCallbacks = [];\n\t\t}    function aiShowIframeId(id_iframe) { jQuery(\"#\"+id_iframe).css(\"visibility\", \"visible\");    }    function aiResizeIframeHeight(height) { aiResizeIframeHeight(height,advanced_iframe); }    function aiResizeIframeHeightId(height,width,id) {aiResizeIframeHeightById(id,height);}<\/script><iframe id=\"advanced_iframe\"  name=\"advanced_iframe\"  src=\"https:\/\/widget.holfuy.com\/?station=1201&#038;su=m\/s&#038;t=C&#038;lang=en&#038;mode=detailed\"  width=\"100%\"  height=\"600\"  scrolling=\"no\"  marginwidth=\"1\"  marginheight=\"1\"  frameborder=\"0\"  border=\"0\"  allowtransparency=\"true\"  loading=\"lazy\"  style=\";border-width: 0px;;border: none;width:600px; height:300px;\" ><\/iframe><script type=\"text\/javascript\">var ifrm_advanced_iframe = document.getElementById(\"advanced_iframe\");var hiddenTabsDoneadvanced_iframe = false;\nfunction resizeCallbackadvanced_iframe() {}<\/script><script type=\"text\/javascript\"><\/script><p style=\"display:block !important; visibility:visible !important;margin: -18px 14px 0 0;padding-left: 3px;padding-top:3px;background: white; overflow: hidden; position: relative; line-height:15px;width: fit-content;\"><small style=\"display:block !important;visibility:visible !important\">powered by Advanced iFrame<\/small><\/p><style>\n       .errordiv { padding:10px; margin:10px; border: 1px solid #555555;color: #000000;background-color: #f8f8f8; width:500px; }#advanced_iframe_2 {visibility:visible;opacity:1;vertical-align:top;}.ai-info-bottom-iframe { position: fixed; z-index: 10000; bottom:0; left: 0; margin: 0px; text-align: center; width: 100%; background-color: #ff9999; padding-left: 5px;padding-bottom: 5px; border-top: 1px solid #aaa } a.ai-bold {font-weight: bold;}#ai-layer-div-advanced_iframe_2 p {height:100%;margin:0;padding:0}<\/style><script type=\"text\/javascript\">var ai_iframe_width_advanced_iframe_2 = 0;var ai_iframe_height_advanced_iframe_2 = 0;function aiReceiveMessageadvanced_iframe_2(event) {  aiProcessMessage(event,\"advanced_iframe_2\", \"true\");}if (window.addEventListener) {  window.addEventListener(\"message\", aiReceiveMessageadvanced_iframe_2);} else if (el.attachEvent)  {  el.attachEvent(\"message\", aiReceiveMessageadvanced_iframe_2);}var aiOnloadScrollTop=\"true\";var aiShowDebug=false;\n\t\tif (typeof aiReadyCallbacks === 'undefined') {\n\t\t\tvar aiReadyCallbacks = [];\n\t\t} else if (!(aiReadyCallbacks instanceof Array)) {\n\t\t\tvar aiReadyCallbacks = [];\n\t\t}    function aiShowIframeId(id_iframe) { jQuery(\"#\"+id_iframe).css(\"visibility\", \"visible\");    }    function aiResizeIframeHeight(height) { aiResizeIframeHeight(height,advanced_iframe_2); }    function aiResizeIframeHeightId(height,width,id) {aiResizeIframeHeightById(id,height);}<\/script><iframe id=\"advanced_iframe_2\"  name=\"advanced_iframe_2\"  src=\"https:\/\/widget.holfuy.com\/?station=1201&#038;su=m\/s&#038;t=C&#038;lang=en&#038;mode=average&#038;avgrows=32\"  width=\"100%\"  height=\"600\"  scrolling=\"no\"  marginwidth=\"1\"  marginheight=\"1\"  frameborder=\"0\"  border=\"0\"  allowtransparency=\"true\"  loading=\"lazy\"  style=\";border-width: 0px;;border: none;width:1500px; height:250px;\" ><\/iframe><script type=\"text\/javascript\">var ifrm_advanced_iframe_2 = document.getElementById(\"advanced_iframe_2\");var hiddenTabsDoneadvanced_iframe_2 = false;\nfunction resizeCallbackadvanced_iframe_2() {}<\/script><script type=\"text\/javascript\"><\/script><p style=\"display:block !important; visibility:visible !important;margin: -18px 14px 0 0;padding-left: 3px;padding-top:3px;background: white; overflow: hidden; position: relative; line-height:15px;width: fit-content;\"><small style=\"display:block !important;visibility:visible !important\">powered by Advanced iFrame<\/small><\/p>[\/cl_text][\/cl_column][\/cl_row][cl_row][cl_column][cl_text][\/cl_text][\/cl_column][\/cl_row]<\/p>\n","protected":false},"excerpt":{"rendered":"<p>[cl_page_header type=\u00bbmodern\u00bb height=\u00bb250&#8243; background_color=\u00bb#0032ff\u00bb background_image=\u00bbid:5403|url:http%253A%252F%252Fpaticientific.org%252Fwp-content%252Fuploads%252F2020%252F10%252Fbackground2.jpg\u00bb description=\u00bb\u00bb title=\u00bbDades\u00bb text_color=\u00bblight-text\u00bb desc_line_height=\u00bb30&#8243; typography=\u00bbcustom_font\u00bb title_font_size=\u00bb60&#8243; title_line_height=\u00bb100&#8243; overlay=\u00bbcolor\u00bb overlay_color=\u00bb#0032ff\u00bb overlay_gradient=\u00bbdisco\u00bb title_font_weight=\u00bb800&#8243; desc_font_size=\u00bb20&#8243; background_position=\u00bbcenter center\u00bb][cl_row css_style=\u00bbpadding-bottom:\u00bb background_color=\u00bbrgba(255,255,255,0.86)\u00bb][cl_column horizontal_align=\u00bbmiddle\u00bb vertical_align=\u00bbmiddle\u00bb css_style=\u00bbpadding-top:|padding-right:\u00bb][cl_custom_heading typography=\u00bbcustom_font\u00bb text_font_size=\u00bb40&#8243; text_font_weight=\u00bb800&#8243; text_line_height=\u00bb52&#8243; text_transform=\u00bbnone\u00bb text_color=\u00bb#000000&#8243;] Dades oceanogr\u00e0fiques [\/cl_custom_heading][cl_text custom_typography=\u00bb1&#8243; text_font_size=\u00bb16&#8243; text_font_weight=\u00bb300&#8243; text_line_height=\u00bb24&#8243; text_color=\u00bb#000000&#8243; css_style=\u00bbmargin-top:20px\u00bb] Consulta aqu\u00ed les dades recollides pel pat\u00ed cient\u00edfic \u00a0 Dades de superf\u00edcie Smart Citizen Temperatura vs profunditat [&hellip;]<\/p>\n","protected":false},"author":1,"featured_media":0,"parent":0,"menu_order":0,"comment_status":"closed","ping_status":"closed","template":"","meta":[],"_links":{"self":[{"href":"https:\/\/paticientific.org\/index.php\/wp-json\/wp\/v2\/pages\/7510"}],"collection":[{"href":"https:\/\/paticientific.org\/index.php\/wp-json\/wp\/v2\/pages"}],"about":[{"href":"https:\/\/paticientific.org\/index.php\/wp-json\/wp\/v2\/types\/page"}],"author":[{"embeddable":true,"href":"https:\/\/paticientific.org\/index.php\/wp-json\/wp\/v2\/users\/1"}],"replies":[{"embeddable":true,"href":"https:\/\/paticientific.org\/index.php\/wp-json\/wp\/v2\/comments?post=7510"}],"version-history":[{"count":12,"href":"https:\/\/paticientific.org\/index.php\/wp-json\/wp\/v2\/pages\/7510\/revisions"}],"predecessor-version":[{"id":7793,"href":"https:\/\/paticientific.org\/index.php\/wp-json\/wp\/v2\/pages\/7510\/revisions\/7793"}],"wp:attachment":[{"href":"https:\/\/paticientific.org\/index.php\/wp-json\/wp\/v2\/media?parent=7510"}],"curies":[{"name":"wp","href":"https:\/\/api.w.org\/{rel}","templated":true}]}}