{"id":7056,"date":"2022-03-18T13:04:26","date_gmt":"2022-03-18T12:04:26","guid":{"rendered":"https:\/\/paticientific.org\/?page_id=7056"},"modified":"2022-12-09T15:41:34","modified_gmt":"2022-12-09T14:41:34","slug":"aulamar","status":"publish","type":"page","link":"https:\/\/paticientific.org\/index.php\/aulamar\/","title":{"rendered":"AULAMAR"},"content":{"rendered":"<p>[cl_page_header type=\u00bbmodern\u00bb height=\u00bb600&#8243; background_color=\u00bb#0032ff\u00bb background_image=\u00bbhttps:\/\/paticientific.org\/wp-content\/uploads\/2022\/03\/531-CAL.jpg\u00bb description=\u00bbL&#8217;aula al mar: Projecte escola d&#8217;oceanografia costanera.\u00bb title=\u00bbAULAMAR\u00bb text_color=\u00bblight-text\u00bb desc_line_height=\u00bb32&#8243; typography=\u00bbcustom_font\u00bb title_font_size=\u00bb60&#8243; title_line_height=\u00bb100&#8243; overlay=\u00bbcolor\u00bb overlay_color=\u00bb#0032ff\u00bb title_font_weight=\u00bb800&#8243; add_description=\u00bb1&#8243; desc_font_size=\u00bb20&#8243; background_position=\u00bbcenter top\u00bb][cl_row columns_gap=\u00bb35&#8243; background_position=\u00bbcenter bottom\u00bb css_style=\u00bbpadding-top:85px|padding-bottom:85px|margin-top:|margin-right:|margin-bottom:|margin-left:|padding-right:\u00bb overlay_color=\u00bbrgba(0,0,0,0.34)\u00bb overlay_opacity=\u00bb1&#8243;][cl_column width=\u00bb1\/2&#8243; vertical_align=\u00bbmiddle\u00bb][cl_custom_heading typography=\u00bbcustom_font\u00bb text_font_size=\u00bb40&#8243; text_line_height=\u00bb52&#8243; text_transform=\u00bbnone\u00bb css_style=\u00bbmargin-top:|margin-right:|margin-bottom:\u00bb text_color=\u00bb#000000&#8243; text_font_weight=\u00bb800&#8243;]<\/p>\n<p><strong>Aulamar&nbsp;<\/strong>\u00e9s un projecte educatiu, guanyador de \u201c<a href=\"https:\/\/bithabitat.barcelona\/projectes\/la-ciutat-proactiva-2021-2\/\" target=\"_blank\" rel=\"noreferrer noopener\">La ciutat proactiva 2021<\/a>\u201d, convocat\u00f2ria d\u2019ajuts a la innovaci\u00f3 urbana de la&nbsp;<a href=\"https:\/\/bithabitat.barcelona\/\" target=\"_blank\" rel=\"noreferrer noopener\">Fundaci\u00f3 BIT Habitat<\/a>&nbsp;on hi col\u00b7laboren l\u2019<a href=\"https:\/\/www.icm.csic.es\/ca\" target=\"_blank\" rel=\"noreferrer noopener\">Institut de Ci\u00e8ncies del Mar (ICM-CSIC)<\/a>, la&nbsp;<a href=\"https:\/\/www.fnb.upc.edu\/\" target=\"_blank\" rel=\"noreferrer noopener\">Facultat de N\u00e0utica de Barcelona (FNB-UPC)<\/a>, el&nbsp;<a href=\"https:\/\/pativelabarcelona.com\/\" target=\"_blank\" rel=\"noreferrer noopener\">Club Pat\u00ed Vela Barcelona<\/a>, la&nbsp;<a href=\"http:\/\/www.utm.csic.es\/\">Unitat de Tecnologia Marina (UTM-CSIC)<\/a>&nbsp;i l\u2019<a href=\"https:\/\/iaac.net\/\" target=\"_blank\" rel=\"noreferrer noopener\">Institut d\u2019Arquitectura Avan\u00e7ada de Catalunya<\/a>.<\/p>\n<p>[\/cl_column][cl_column width=\u00bb1\/2&#8243; css_style=\u00bbpadding-top:|padding-bottom:|padding-right:|padding-left:\u00bb]<style>\n       .errordiv { padding:10px; margin:10px; border: 1px solid #555555;color: #000000;background-color: #f8f8f8; width:500px; }#advanced_iframe {visibility:visible;opacity:1;vertical-align:top;}.ai-info-bottom-iframe { position: fixed; z-index: 10000; bottom:0; left: 0; margin: 0px; text-align: center; width: 100%; background-color: #ff9999; padding-left: 5px;padding-bottom: 5px; border-top: 1px solid #aaa } a.ai-bold {font-weight: bold;}#ai-layer-div-advanced_iframe p {height:100%;margin:0;padding:0}<\/style><script type=\"text\/javascript\">var ai_iframe_width_advanced_iframe = 0;var ai_iframe_height_advanced_iframe = 0;function aiReceiveMessageadvanced_iframe(event) {  aiProcessMessage(event,\"advanced_iframe\", \"true\");}if (window.addEventListener) {  window.addEventListener(\"message\", aiReceiveMessageadvanced_iframe);} else if (el.attachEvent)  {  el.attachEvent(\"message\", aiReceiveMessageadvanced_iframe);}var aiOnloadScrollTop=\"true\";var aiShowDebug=false;\n\t\tif (typeof aiReadyCallbacks === 'undefined') {\n\t\t\tvar aiReadyCallbacks = [];\n\t\t} else if (!(aiReadyCallbacks instanceof Array)) {\n\t\t\tvar aiReadyCallbacks = [];\n\t\t}    function aiShowIframeId(id_iframe) { jQuery(\"#\"+id_iframe).css(\"visibility\", \"visible\");    }    function aiResizeIframeHeight(height) { aiResizeIframeHeight(height,advanced_iframe); }    function aiResizeIframeHeightId(height,width,id) {aiResizeIframeHeightById(id,height);}<\/script><iframe id=\"advanced_iframe\"  name=\"advanced_iframe\"  src=\"https:\/\/www.youtube.com\/embed\/0u2pjoEbNVQ\"  width=\"560\"  height=\"315\"  frameborder=\"0\"  border=\"0\"  allowtransparency=\"true\"  loading=\"lazy\"  title=\"YouTube video player\"  allow=\"accelerometer; autoplay; clipboard-write; encrypted-media; gyroscope; picture-in-picture\"  style=\";border-width: 0px;;border: none;;width:560px;height:315px;\" ><\/iframe><script type=\"text\/javascript\">var ifrm_advanced_iframe = document.getElementById(\"advanced_iframe\");var hiddenTabsDoneadvanced_iframe = false;\nfunction resizeCallbackadvanced_iframe() {}<\/script><script type=\"text\/javascript\"><\/script><p style=\"display:block !important; visibility:visible !important;margin: -18px 14px 0 0;padding-left: 3px;padding-top:3px;background: white; overflow: hidden; position: relative; line-height:15px;width: fit-content;\"><small style=\"display:block !important;visibility:visible !important\">powered by Advanced iFrame<\/small><\/p>[\/cl_column][\/cl_row][cl_row columns_gap=\u00bb35&#8243; css_style=\u00bbmargin-top:|margin-bottom:|padding-bottom:85px|margin-left:|margin-right:|padding-top:85px|padding-right:|padding-left:\u00bb background_color=\u00bb#ededed\u00bb][cl_column width=\u00bb1\/2&#8243; css_style=\u00bbpadding-top:|padding-bottom:|padding-right:|margin-right:|margin-bottom:|padding-left:|margin-left:|border-right-width:|border-bottom-width:\u00bb vertical_align=\u00bbmiddle\u00bb animation=\u00bbleft-t-right\u00bb][cl_text css_style=\u00bbpadding-right:|padding-bottom:|margin-right:|margin-bottom:|border-right-width:|border-bottom-width:|padding-left:|margin-left:|border-left-width:|padding-top:\u00bb margin_paragraphs=\u00bb0&#8243; animation=\u00bbleft-t-right\u00bb]<\/p>\n<p style=\"margin-top: 0px; margin-bottom: 0px;\"><img loading=\"lazy\" class=\"alignnone wp-image-7043 size-large\" src=\"https:\/\/paticientific.org\/wp-content\/uploads\/2022\/03\/534-CAL-1024x683.jpg\" alt=\"\" width=\"1024\" height=\"683\" srcset=\"https:\/\/paticientific.org\/wp-content\/uploads\/2022\/03\/534-CAL-1024x683.jpg 1024w, https:\/\/paticientific.org\/wp-content\/uploads\/2022\/03\/534-CAL-300x200.jpg 300w, https:\/\/paticientific.org\/wp-content\/uploads\/2022\/03\/534-CAL-768x512.jpg 768w, https:\/\/paticientific.org\/wp-content\/uploads\/2022\/03\/534-CAL.jpg 1200w\" sizes=\"(max-width: 1024px) 100vw, 1024px\" \/><\/p>\n<p style=\"margin-top: 0px; margin-bottom: 0px;\">\n<p>[\/cl_text][\/cl_column][cl_column width=\u00bb1\/2&#8243; css_style=\u00bbpadding-top:|padding-bottom:|padding-right:10px|margin-top:35px|margin-bottom:35px|margin-right:|margin-left:40px\u00bb][cl_custom_heading typography=\u00bbcustom_font\u00bb text_font_size=\u00bb40&#8243; text_line_height=\u00bb52&#8243; text_transform=\u00bbnone\u00bb css_style=\u00bbmargin-top:|margin-right:|margin-bottom:\u00bb text_color=\u00bb#000000&#8243; text_font_weight=\u00bb800&#8243;]<\/p>\n<p style=\"margin-top: 40px; margin-bottom: 40px;\">El projecte neix per donar resposta a la doble problem\u00e0tica que presenta l\u2019ecosistema costaner de Barcelona. D\u2019una banda, hi ha la seva situaci\u00f3 de vulnerabilitat per la pressi\u00f3 de l\u2019activitat urbana i el canvi clim\u00e0tic i, de l\u2019altra, l\u2019especialitzaci\u00f3 del litoral cap al turisme, que ha allunyat la ciutadania d\u2019obtenir una consci\u00e8ncia ambiental m\u00e9s \u00e0mplia envers l\u2019entorn mar\u00ed de Barcelona.<\/p>\n<p>[\/cl_column][\/cl_row][cl_row columns_gap=\u00bb35&#8243; css_style=\u00bbpadding-top:85px|padding-bottom:85px|padding-left:\u00bb equal_height=\u00bb1&#8243;][cl_column width=\u00bb1\/2&#8243; css_style=\u00bbpadding-top:|padding-bottom:|padding-right:|padding-left:\u00bb animation=\u00bbleft-t-right\u00bb][cl_custom_heading typography=\u00bbcustom_font\u00bb text_font_size=\u00bb40&#8243; text_line_height=\u00bb52&#8243; text_transform=\u00bbnone\u00bb css_style=\u00bbmargin-top:|margin-right:|margin-bottom:\u00bb text_color=\u00bb#000000&#8243; text_font_weight=\u00bb800&#8243;]<\/p>\n<p style=\"margin-top: 40px; margin-bottom: 40px;\">Es basa en l\u2019educaci\u00f3 cient\u00edfica a alumnes de secund\u00e0ria i batxillerat en el marc de la ci\u00e8ncia ciutadana. L\u2019experi\u00e8ncia vol dotar les noves generacions dels instruments necessaris per entendre el litoral de la ciutat, i fomentar la reflexi\u00f3 cr\u00edtica. Es tracta d\u2019un programa pilot que consisteix a donar a l\u2019alumnat el protagonisme d\u2019un projecte real de recerca oceanogr\u00e0fica. AULAMAR acompanyar\u00e0 els i les estudiants en les fases de construcci\u00f3 i desenvolupament d\u2019un sistema de mesura de baix cost i en el plantejament cient\u00edfic d\u2019una estrat\u00e8gia de mostreig de la costa de Barcelona.<\/p>\n<p>[\/cl_column][cl_column width=\u00bb1\/2&#8243; vertical_align=\u00bbmiddle\u00bb css_style=\u00bbpadding-top:|padding-bottom:|margin-left:|padding-right:|padding-left:|margin-top:|margin-bottom:|margin-right:|border-top-width:|border-right-width:|border-bottom-width:\u00bb][cl_text margin_paragraphs=\u00bb0&#8243;]<img loading=\"lazy\" class=\"alignnone wp-image-6997 size-large\" src=\"https:\/\/paticientific.org\/wp-content\/uploads\/2022\/03\/282-CAL-1024x683.jpg\" alt=\"\" width=\"1024\" height=\"683\" srcset=\"https:\/\/paticientific.org\/wp-content\/uploads\/2022\/03\/282-CAL-1024x683.jpg 1024w, https:\/\/paticientific.org\/wp-content\/uploads\/2022\/03\/282-CAL-300x200.jpg 300w, https:\/\/paticientific.org\/wp-content\/uploads\/2022\/03\/282-CAL-768x512.jpg 768w, https:\/\/paticientific.org\/wp-content\/uploads\/2022\/03\/282-CAL.jpg 1200w\" sizes=\"(max-width: 1024px) 100vw, 1024px\" \/><br \/>\n[\/cl_text][\/cl_column][\/cl_row][cl_row columns_gap=\u00bb35&#8243; css_style=\u00bbmargin-top:|margin-bottom:|padding-bottom:85px|margin-left:|margin-right:|padding-top:85px|padding-right:|padding-left:\u00bb background_color=\u00bb#ededed\u00bb][cl_column width=\u00bb1\/2&#8243; css_style=\u00bbpadding-top:|padding-bottom:|padding-right:|margin-right:|margin-bottom:|padding-left:|margin-left:|border-right-width:|border-bottom-width:\u00bb vertical_align=\u00bbmiddle\u00bb animation=\u00bbleft-t-right\u00bb][cl_text css_style=\u00bbpadding-right:|padding-bottom:|margin-right:|margin-bottom:|border-right-width:|border-bottom-width:|padding-left:|margin-left:|border-left-width:|padding-top:\u00bb margin_paragraphs=\u00bb0&#8243; animation=\u00bbleft-t-right\u00bb]<\/p>\n<p><img loading=\"lazy\" class=\"alignnone wp-image-6939\" src=\"https:\/\/paticientific.org\/wp-content\/uploads\/2022\/03\/image.png\" alt=\"\" width=\"1024\" height=\"685\" srcset=\"https:\/\/paticientific.org\/wp-content\/uploads\/2022\/03\/image.png 447w, https:\/\/paticientific.org\/wp-content\/uploads\/2022\/03\/image-300x201.png 300w\" sizes=\"(max-width: 1024px) 100vw, 1024px\" \/><\/p>\n<p>[\/cl_text][\/cl_column][cl_column width=\u00bb1\/2&#8243; css_style=\u00bbpadding-top:|padding-bottom:|padding-right:10px|margin-top:35px|margin-bottom:35px|margin-right:|margin-left:40px\u00bb][cl_custom_heading typography=\u00bbcustom_font\u00bb text_font_size=\u00bb40&#8243; text_line_height=\u00bb52&#8243; text_transform=\u00bbnone\u00bb css_style=\u00bbmargin-top:|margin-right:|margin-bottom:\u00bb text_color=\u00bb#000000&#8243; text_font_weight=\u00bb800&#8243;]<\/p>\n<p style=\"margin-top: 40px; margin-bottom: 40px;\">L\u2019objectiu \u00e9s, per tant, doble: reconciliar i canviar la percepci\u00f3 de la ciutadania envers la costa de Barcelona i, a la vegada, augmentar els esfor\u00e7os de monitoratge de les aig\u00fces costaneres, una acci\u00f3 essencial per con\u00e8ixer millor les conseq\u00fc\u00e8ncies de l\u2019impacte antropog\u00e8nic en l\u2019ecosistema mar\u00ed.<\/p>\n<p>[\/cl_column][\/cl_row][cl_row columns_gap=\u00bb35&#8243; css_style=\u00bbpadding-top:85px|padding-bottom:85px|padding-left:\u00bb equal_height=\u00bb1&#8243;][\/cl_row][cl_column width=\u00bb1\/2&#8243; css_style=\u00bbpadding-top:|padding-bottom:|padding-right:|padding-left:\u00bb animation=\u00bbleft-t-right\u00bb][\/cl_column][cl_custom_heading typography=\u00bbcustom_font\u00bb text_font_size=\u00bb40&#8243; text_line_height=\u00bb52&#8243; text_transform=\u00bbnone\u00bb css_style=\u00bbmargin-top:|margin-right:|margin-bottom:\u00bb text_color=\u00bb#000000&#8243; text_font_weight=\u00bb800&#8243;][\/cl_custom_heading]<\/p>\n","protected":false},"excerpt":{"rendered":"<p>[cl_page_header type=\u00bbmodern\u00bb height=\u00bb600&#8243; background_color=\u00bb#0032ff\u00bb background_image=\u00bbhttps:\/\/paticientific.org\/wp-content\/uploads\/2022\/03\/531-CAL.jpg\u00bb description=\u00bbL&#8217;aula al mar: Projecte escola d&#8217;oceanografia costanera.\u00bb title=\u00bbAULAMAR\u00bb text_color=\u00bblight-text\u00bb desc_line_height=\u00bb32&#8243; typography=\u00bbcustom_font\u00bb title_font_size=\u00bb60&#8243; title_line_height=\u00bb100&#8243; overlay=\u00bbcolor\u00bb overlay_color=\u00bb#0032ff\u00bb title_font_weight=\u00bb800&#8243; add_description=\u00bb1&#8243; desc_font_size=\u00bb20&#8243; background_position=\u00bbcenter top\u00bb][cl_row columns_gap=\u00bb35&#8243; background_position=\u00bbcenter bottom\u00bb css_style=\u00bbpadding-top:85px|padding-bottom:85px|margin-top:|margin-right:|margin-bottom:|margin-left:|padding-right:\u00bb overlay_color=\u00bbrgba(0,0,0,0.34)\u00bb overlay_opacity=\u00bb1&#8243;][cl_column width=\u00bb1\/2&#8243; vertical_align=\u00bbmiddle\u00bb][cl_custom_heading typography=\u00bbcustom_font\u00bb text_font_size=\u00bb40&#8243; text_line_height=\u00bb52&#8243; text_transform=\u00bbnone\u00bb css_style=\u00bbmargin-top:|margin-right:|margin-bottom:\u00bb text_color=\u00bb#000000&#8243; text_font_weight=\u00bb800&#8243;] Aulamar&nbsp;\u00e9s un projecte educatiu, guanyador de \u201cLa ciutat proactiva 2021\u201d, convocat\u00f2ria d\u2019ajuts a la innovaci\u00f3 urbana [&hellip;]<\/p>\n","protected":false},"author":1,"featured_media":5155,"parent":0,"menu_order":0,"comment_status":"closed","ping_status":"closed","template":"","meta":[],"_links":{"self":[{"href":"https:\/\/paticientific.org\/index.php\/wp-json\/wp\/v2\/pages\/7056"}],"collection":[{"href":"https:\/\/paticientific.org\/index.php\/wp-json\/wp\/v2\/pages"}],"about":[{"href":"https:\/\/paticientific.org\/index.php\/wp-json\/wp\/v2\/types\/page"}],"author":[{"embeddable":true,"href":"https:\/\/paticientific.org\/index.php\/wp-json\/wp\/v2\/users\/1"}],"replies":[{"embeddable":true,"href":"https:\/\/paticientific.org\/index.php\/wp-json\/wp\/v2\/comments?post=7056"}],"version-history":[{"count":19,"href":"https:\/\/paticientific.org\/index.php\/wp-json\/wp\/v2\/pages\/7056\/revisions"}],"predecessor-version":[{"id":7616,"href":"https:\/\/paticientific.org\/index.php\/wp-json\/wp\/v2\/pages\/7056\/revisions\/7616"}],"wp:featuredmedia":[{"embeddable":true,"href":"https:\/\/paticientific.org\/index.php\/wp-json\/wp\/v2\/media\/5155"}],"wp:attachment":[{"href":"https:\/\/paticientific.org\/index.php\/wp-json\/wp\/v2\/media?parent=7056"}],"curies":[{"name":"wp","href":"https:\/\/api.w.org\/{rel}","templated":true}]}}