{"id":6535,"date":"2021-09-29T11:17:45","date_gmt":"2021-09-29T09:17:45","guid":{"rendered":"https:\/\/paticientific.org\/?page_id=6535"},"modified":"2022-03-14T11:54:01","modified_gmt":"2022-03-14T10:54:01","slug":"pati-cientific","status":"publish","type":"page","link":"https:\/\/paticientific.org\/index.php\/pati-cientific\/","title":{"rendered":"Pat\u00ed Cient\u00edfic"},"content":{"rendered":"<p>[cl_page_header type=\u00bbmodern\u00bb height=\u00bb600&#8243; background_color=\u00bb#0032ff\u00bb background_image=\u00bbid:5155|url:http%253A%252F%252Fpaticientific.org%252Fwp-content%252Fuploads%252F2020%252F10%252Fsmartcitizen1.jpg\u00bb description=\u00bbEl projecte Pat\u00ed Cient\u00edfic desenvolupa un programa de monitoratge de les aig\u00fces costaneres de Barcelona mitjan\u00e7ant la instrumentaci\u00f3 del Pat\u00ed Catal\u00e0. Aquest adquirir\u00e0 variables oceanogr\u00e0fiques al llarg del litoral Barcelon\u00ed i fomentar\u00e0 la implicaci\u00f3 ciutadana.\u00bb title=\u00bbEl projecte Pat\u00ed Cient\u00edfic\u00bb text_color=\u00bblight-text\u00bb desc_line_height=\u00bb32&#8243; typography=\u00bbcustom_font\u00bb title_font_size=\u00bb60&#8243; title_line_height=\u00bb100&#8243; overlay=\u00bbcolor\u00bb overlay_color=\u00bb#0032ff\u00bb title_font_weight=\u00bb800&#8243; add_description=\u00bb1&#8243; desc_font_size=\u00bb20&#8243; background_position=\u00bbcenter top\u00bb][cl_row columns_gap=\u00bb35&#8243; background_position=\u00bbcenter bottom\u00bb css_style=\u00bbpadding-top:85px|padding-bottom:85px|margin-top:|margin-right:|margin-bottom:|margin-left:|padding-right:\u00bb overlay_color=\u00bbrgba(0,0,0,0.34)\u00bb overlay_opacity=\u00bb1&#8243;][cl_column width=\u00bb1\/2&#8243; vertical_align=\u00bbmiddle\u00bb][cl_custom_heading typography=\u00bbcustom_font\u00bb text_font_size=\u00bb40&#8243; text_line_height=\u00bb52&#8243; text_transform=\u00bbnone\u00bb css_style=\u00bbmargin-top:|margin-right:|margin-bottom:\u00bb text_color=\u00bb#000000&#8243; text_font_weight=\u00bb800&#8243;]<\/p>\n<p>El Pat\u00ed de Vela<\/p>\n<p>[\/cl_custom_heading][cl_text custom_typography=\u00bb1&#8243; text_font_size=\u00bb16&#8243; text_font_weight=\u00bb300&#8243; text_line_height=\u00bb24&#8243; text_color=\u00bb#000000&#8243;]<\/p>\n<p>El Pat\u00ed de Vela, tamb\u00e9 conegut com <mark class=\"highlight\"><a href=\"https:\/\/ca.wikipedia.org\/wiki\/Pat%C3%AD_de_vela\">Pat\u00ed Catal\u00e0<\/a><\/mark>, \u00e9s un petit catamar\u00e0 de construcci\u00f3 tradicional i sostenible. En temps de la revoluci\u00f3 industrial i fruit de l\u2019enginy popular, fa 100 anys va n\u00e9ixer a les costes de Barcelona a la recerca d\u2019aig\u00fces netes.<\/p>\n<p>[\/cl_text][\/cl_column][cl_column width=\u00bb1\/2&#8243; css_style=\u00bbpadding-top:|padding-bottom:|padding-right:|padding-left:\u00bb][cl_media image=\u00bbid:5707|url:http%253A%252F%252Fpaticientific.org%252Fwp-content%252Fuploads%252F2020%252F10%252Fpativela2.jpg\u00bb css_style=\u00bbmargin-top:|margin-right:|margin-bottom:\u00bb animation=\u00bbright-t-left\u00bb][\/cl_column][\/cl_row][cl_row columns_gap=\u00bb35&#8243; css_style=\u00bbmargin-top:|margin-bottom:|padding-bottom:85px|margin-left:|margin-right:|padding-top:85px|padding-right:|padding-left:\u00bb background_color=\u00bb#ededed\u00bb][cl_column width=\u00bb1\/2&#8243; css_style=\u00bbpadding-top:|padding-bottom:|padding-right:|margin-right:|margin-bottom:|padding-left:|margin-left:|border-right-width:|border-bottom-width:\u00bb vertical_align=\u00bbmiddle\u00bb animation=\u00bbleft-t-right\u00bb][cl_text css_style=\u00bbpadding-right:|padding-bottom:|margin-right:|margin-bottom:|border-right-width:|border-bottom-width:|padding-left:|margin-left:|border-left-width:|padding-top:\u00bb margin_paragraphs=\u00bb0&#8243; animation=\u00bbleft-t-right\u00bb]<\/p>\n<p style=\"margin-top: 0px; margin-bottom: 0px;\"><style>\n       .errordiv { padding:10px; margin:10px; border: 1px solid #555555;color: #000000;background-color: #f8f8f8; width:500px; }#advanced_iframe {visibility:visible;opacity:1;vertical-align:top;}.ai-info-bottom-iframe { position: fixed; z-index: 10000; bottom:0; left: 0; margin: 0px; text-align: center; width: 100%; background-color: #ff9999; padding-left: 5px;padding-bottom: 5px; border-top: 1px solid #aaa } a.ai-bold {font-weight: bold;}#ai-layer-div-advanced_iframe p {height:100%;margin:0;padding:0}<\/style><script type=\"text\/javascript\">var ai_iframe_width_advanced_iframe = 0;var ai_iframe_height_advanced_iframe = 0;function aiReceiveMessageadvanced_iframe(event) {  aiProcessMessage(event,\"advanced_iframe\", \"true\");}if (window.addEventListener) {  window.addEventListener(\"message\", aiReceiveMessageadvanced_iframe);} else if (el.attachEvent)  {  el.attachEvent(\"message\", aiReceiveMessageadvanced_iframe);}var aiOnloadScrollTop=\"true\";var aiShowDebug=false;\n\t\tif (typeof aiReadyCallbacks === 'undefined') {\n\t\t\tvar aiReadyCallbacks = [];\n\t\t} else if (!(aiReadyCallbacks instanceof Array)) {\n\t\t\tvar aiReadyCallbacks = [];\n\t\t}    function aiShowIframeId(id_iframe) { jQuery(\"#\"+id_iframe).css(\"visibility\", \"visible\");    }    function aiResizeIframeHeight(height) { aiResizeIframeHeight(height,advanced_iframe); }    function aiResizeIframeHeightId(height,width,id) {aiResizeIframeHeightById(id,height);}<\/script><iframe id=\"advanced_iframe\"  name=\"advanced_iframe\"  src=\"https:\/\/www.youtube.com\/embed\/pAUvh1aY-oY\"  width=\"565\"  height=\"315\"  frameborder=\"0\"  border=\"0\"  allowtransparency=\"true\"  loading=\"lazy\"  allow=\"accelerometer; autoplay; clipboard-write; encrypted-media; gyroscope; picture-in-picture\"  style=\";border-width: 0px;;border: none;;width:565px;height:315px;\" ><\/iframe><script type=\"text\/javascript\">var ifrm_advanced_iframe = document.getElementById(\"advanced_iframe\");var hiddenTabsDoneadvanced_iframe = false;\nfunction resizeCallbackadvanced_iframe() {}<\/script><script type=\"text\/javascript\"><\/script><p style=\"display:block !important; visibility:visible !important;margin: -18px 14px 0 0;padding-left: 3px;padding-top:3px;background: white; overflow: hidden; position: relative; line-height:15px;width: fit-content;\"><small style=\"display:block !important;visibility:visible !important\">powered by Advanced iFrame<\/small><\/p><\/p>\n<p style=\"margin-top: 0px; margin-bottom: 0px;\">\n<p>[\/cl_text][\/cl_column][cl_column width=\u00bb1\/2&#8243; css_style=\u00bbpadding-top:|padding-bottom:|padding-right:10px|margin-top:35px|margin-bottom:35px|margin-right:|margin-left:40px\u00bb][cl_custom_heading typography=\u00bbcustom_font\u00bb text_font_size=\u00bb40&#8243; text_line_height=\u00bb52&#8243; text_transform=\u00bbnone\u00bb css_style=\u00bbmargin-top:|margin-right:|margin-bottom:\u00bb text_color=\u00bb#000000&#8243; text_font_weight=\u00bb800&#8243;]<\/p>\n<p>Ci\u00e8ncia ciutadana<\/p>\n<p>[\/cl_custom_heading][cl_text margin_paragraphs=\u00bb40&#8243; custom_typography=\u00bb1&#8243; text_font_size=\u00bb16&#8243; text_font_weight=\u00bb300&#8243; text_line_height=\u00bb24&#8243; css_style=\u00bbmargin-left:\u00bb]<\/p>\n<p style=\"margin-top: 40px; margin-bottom: 40px;\">A trav\u00e9s del projecte <mark class=\"highlight\"><a href=\"https:\/\/smartcitizen.me\/\">Smart Citizen de FabLab<\/a><\/mark> de Barcelona, la generaci\u00f3 de dades adquirides amb el Pat\u00ed Cient\u00edfic forma part d\u2019un proc\u00e9s de participaci\u00f3 social d\u2019intercanvi entre coneixement i ciutadania que per primer cop s\u2019obre al mar de Barcelona en el context de la filosof\u00eda de Ci\u00e8ncia Oberta.<\/p>\n<p>[\/cl_text][\/cl_column][\/cl_row][cl_row columns_gap=\u00bb35&#8243; css_style=\u00bbpadding-top:85px|padding-bottom:85px|padding-left:\u00bb equal_height=\u00bb1&#8243;][cl_column width=\u00bb1\/2&#8243; css_style=\u00bbpadding-top:|padding-bottom:|padding-right:|padding-left:\u00bb animation=\u00bbleft-t-right\u00bb][cl_custom_heading typography=\u00bbcustom_font\u00bb text_font_size=\u00bb40&#8243; text_line_height=\u00bb52&#8243; text_transform=\u00bbnone\u00bb css_style=\u00bbmargin-top:|margin-right:|margin-bottom:\u00bb text_color=\u00bb#000000&#8243; text_font_weight=\u00bb800&#8243;]<\/p>\n<p>Divulgaci\u00f3<\/p>\n<p>[\/cl_custom_heading][cl_text custom_typography=\u00bb1&#8243; text_font_size=\u00bb16&#8243; text_font_weight=\u00bb300&#8243; text_line_height=\u00bb24&#8243;]<\/p>\n<p style=\"margin-top: 40px; margin-bottom: 40px;\">La participaci\u00f3 ciutadana tamb\u00e9 est\u00e0 fonamentada en activitats de divulgaci\u00f3 i comunicaci\u00f3, sobretot pels m\u00e9s joves. El projecte obre la porta a que estudiants universitaris i de final de batxillerat puguin elaborar treballs de recerca amb les dades obtingudes i, d\u2019altra banda, col\u00b7labora amb el projecte <mark class=\"highlight\"><a href=\"https:\/\/petitsoceanografs.icm.csic.es\/\">Petits Ocean\u00f2grafs<\/a><\/mark> formant part d\u2019activitats dirigides pels m\u00e9s menuts.<\/p>\n<p>[\/cl_text][\/cl_column][cl_column width=\u00bb1\/2&#8243; vertical_align=\u00bbmiddle\u00bb css_style=\u00bbpadding-top:|padding-bottom:|margin-left:|padding-right:|padding-left:|margin-top:|margin-bottom:|margin-right:|border-top-width:|border-right-width:|border-bottom-width:\u00bb][cl_text margin_paragraphs=\u00bb0&#8243;]<iframe loading=\"lazy\" src=\"https:\/\/player.vimeo.com\/video\/325844676\" width=\"565\" height=\"318\" frameborder=\"0\" allowfullscreen=\"allowfullscreen\"><\/iframe><br \/>\n[\/cl_text][\/cl_column][\/cl_row][cl_row columns_gap=\u00bb35&#8243; css_style=\u00bbmargin-top:|margin-bottom:|padding-bottom:85px|margin-left:|margin-right:|padding-top:85px|padding-right:|padding-left:\u00bb background_color=\u00bb#ededed\u00bb][cl_column width=\u00bb1\/2&#8243; css_style=\u00bbpadding-top:|padding-bottom:|padding-right:|margin-right:|margin-bottom:|padding-left:|margin-left:|border-right-width:|border-bottom-width:\u00bb vertical_align=\u00bbmiddle\u00bb animation=\u00bbleft-t-right\u00bb][cl_text css_style=\u00bbpadding-right:|padding-bottom:|margin-right:|margin-bottom:|border-right-width:|border-bottom-width:|padding-left:|margin-left:|border-left-width:|padding-top:\u00bb margin_paragraphs=\u00bb0&#8243; animation=\u00bbleft-t-right\u00bb]<\/p>\n<style>\n       .errordiv { padding:10px; margin:10px; border: 1px solid #555555;color: #000000;background-color: #f8f8f8; width:500px; }#advanced_iframe_2 {visibility:visible;opacity:1;vertical-align:top;}.ai-info-bottom-iframe { position: fixed; z-index: 10000; bottom:0; left: 0; margin: 0px; text-align: center; width: 100%; background-color: #ff9999; padding-left: 5px;padding-bottom: 5px; border-top: 1px solid #aaa } a.ai-bold {font-weight: bold;}#ai-layer-div-advanced_iframe_2 p {height:100%;margin:0;padding:0}<\/style><script type=\"text\/javascript\">var ai_iframe_width_advanced_iframe_2 = 0;var ai_iframe_height_advanced_iframe_2 = 0;function aiReceiveMessageadvanced_iframe_2(event) {  aiProcessMessage(event,\"advanced_iframe_2\", \"true\");}if (window.addEventListener) {  window.addEventListener(\"message\", aiReceiveMessageadvanced_iframe_2);} else if (el.attachEvent)  {  el.attachEvent(\"message\", aiReceiveMessageadvanced_iframe_2);}var aiOnloadScrollTop=\"true\";var aiShowDebug=false;\n\t\tif (typeof aiReadyCallbacks === 'undefined') {\n\t\t\tvar aiReadyCallbacks = [];\n\t\t} else if (!(aiReadyCallbacks instanceof Array)) {\n\t\t\tvar aiReadyCallbacks = [];\n\t\t}    function aiShowIframeId(id_iframe) { jQuery(\"#\"+id_iframe).css(\"visibility\", \"visible\");    }    function aiResizeIframeHeight(height) { aiResizeIframeHeight(height,advanced_iframe_2); }    function aiResizeIframeHeightId(height,width,id) {aiResizeIframeHeightById(id,height);}<\/script><iframe id=\"advanced_iframe_2\"  name=\"advanced_iframe_2\"  src=\"https:\/\/www.youtube.com\/embed\/XMQR_6-lRzE\"  width=\"560\"  height=\"315\"  frameborder=\"0\"  border=\"0\"  allowtransparency=\"true\"  loading=\"lazy\"  title=\"YouTube video player\"  allow=\"accelerometer; autoplay; clipboard-write; encrypted-media; gyroscope; picture-in-picture\"  style=\";border-width: 0px;;border: none;;width:560px;height:315px;\" ><\/iframe><script type=\"text\/javascript\">var ifrm_advanced_iframe_2 = document.getElementById(\"advanced_iframe_2\");var hiddenTabsDoneadvanced_iframe_2 = false;\nfunction resizeCallbackadvanced_iframe_2() {}<\/script><script type=\"text\/javascript\"><\/script><p style=\"display:block !important; visibility:visible !important;margin: -18px 14px 0 0;padding-left: 3px;padding-top:3px;background: white; overflow: hidden; position: relative; line-height:15px;width: fit-content;\"><small style=\"display:block !important;visibility:visible !important\">powered by Advanced iFrame<\/small><\/p>\n<p>[\/cl_text][\/cl_column][cl_column width=\u00bb1\/2&#8243; css_style=\u00bbpadding-top:|padding-bottom:|padding-right:10px|margin-top:35px|margin-bottom:35px|margin-right:|margin-left:40px\u00bb][cl_custom_heading typography=\u00bbcustom_font\u00bb text_font_size=\u00bb40&#8243; text_line_height=\u00bb52&#8243; text_transform=\u00bbnone\u00bb css_style=\u00bbmargin-top:|margin-right:|margin-bottom:\u00bb text_color=\u00bb#000000&#8243; text_font_weight=\u00bb800&#8243;]<\/p>\n<p>El pat\u00ed cient\u00edfic<\/p>\n<p>[\/cl_custom_heading][cl_text margin_paragraphs=\u00bb40&#8243; custom_typography=\u00bb1&#8243; text_font_size=\u00bb16&#8243; text_font_weight=\u00bb300&#8243; text_line_height=\u00bb24&#8243; css_style=\u00bbmargin-left:\u00bb]<\/p>\n<p style=\"margin-top: 40px; margin-bottom: 40px;\">El projecte Pat\u00ed cient\u00edfic \u00e9s possible gr\u00e0cies a la col\u00b7laboraci\u00f3 entre l&#8217;<mark class=\"highlight\"><a href=\"https:\/\/www.icm.csic.es\/ca\" target=\"_blank\" rel=\"noopener\">Institut de Ci\u00e8ncies del Mar (ICM-CSIC)<\/a><\/mark>, la <mark class=\"highlight\"><a href=\"https:\/\/www.fnb.upc.edu\/\" target=\"_blank\" rel=\"noopener\">Facultat de N\u00e0utica de Barcelona (FNB-UPC)<\/a><\/mark>, el <mark class=\"highlight\"><a href=\"https:\/\/pativelabarcelona.com\/\" target=\"_blank\" rel=\"noopener\">Club Pat\u00ed Vela Barcelona<\/a><\/mark>\u00a0i el finan\u00e7ament del pla Barcelona Ci\u00e8ncia 2019.<\/p>\n<p>[\/cl_text][\/cl_column][\/cl_row][cl_row columns_gap=\u00bb35&#8243; css_style=\u00bbpadding-top:85px|padding-bottom:85px|padding-left:\u00bb equal_height=\u00bb1&#8243;][\/cl_row][cl_column width=\u00bb1\/2&#8243; css_style=\u00bbpadding-top:|padding-bottom:|padding-right:|padding-left:\u00bb animation=\u00bbleft-t-right\u00bb][\/cl_column][cl_custom_heading typography=\u00bbcustom_font\u00bb text_font_size=\u00bb40&#8243; text_line_height=\u00bb52&#8243; text_transform=\u00bbnone\u00bb css_style=\u00bbmargin-top:|margin-right:|margin-bottom:\u00bb text_color=\u00bb#000000&#8243; text_font_weight=\u00bb800&#8243;][\/cl_custom_heading]<\/p>\n","protected":false},"excerpt":{"rendered":"<p>[cl_page_header type=\u00bbmodern\u00bb height=\u00bb600&#8243; background_color=\u00bb#0032ff\u00bb background_image=\u00bbid:5155|url:http%253A%252F%252Fpaticientific.org%252Fwp-content%252Fuploads%252F2020%252F10%252Fsmartcitizen1.jpg\u00bb description=\u00bbEl projecte Pat\u00ed Cient\u00edfic desenvolupa un programa de monitoratge de les aig\u00fces costaneres de Barcelona mitjan\u00e7ant la instrumentaci\u00f3 del Pat\u00ed Catal\u00e0. Aquest adquirir\u00e0 variables oceanogr\u00e0fiques al llarg del litoral Barcelon\u00ed i fomentar\u00e0 la implicaci\u00f3 ciutadana.\u00bb title=\u00bbEl projecte Pat\u00ed Cient\u00edfic\u00bb text_color=\u00bblight-text\u00bb desc_line_height=\u00bb32&#8243; typography=\u00bbcustom_font\u00bb title_font_size=\u00bb60&#8243; title_line_height=\u00bb100&#8243; overlay=\u00bbcolor\u00bb overlay_color=\u00bb#0032ff\u00bb title_font_weight=\u00bb800&#8243; add_description=\u00bb1&#8243; desc_font_size=\u00bb20&#8243; background_position=\u00bbcenter top\u00bb][cl_row [&hellip;]<\/p>\n","protected":false},"author":1,"featured_media":5155,"parent":0,"menu_order":0,"comment_status":"closed","ping_status":"closed","template":"","meta":[],"_links":{"self":[{"href":"https:\/\/paticientific.org\/index.php\/wp-json\/wp\/v2\/pages\/6535"}],"collection":[{"href":"https:\/\/paticientific.org\/index.php\/wp-json\/wp\/v2\/pages"}],"about":[{"href":"https:\/\/paticientific.org\/index.php\/wp-json\/wp\/v2\/types\/page"}],"author":[{"embeddable":true,"href":"https:\/\/paticientific.org\/index.php\/wp-json\/wp\/v2\/users\/1"}],"replies":[{"embeddable":true,"href":"https:\/\/paticientific.org\/index.php\/wp-json\/wp\/v2\/comments?post=6535"}],"version-history":[{"count":30,"href":"https:\/\/paticientific.org\/index.php\/wp-json\/wp\/v2\/pages\/6535\/revisions"}],"predecessor-version":[{"id":6950,"href":"https:\/\/paticientific.org\/index.php\/wp-json\/wp\/v2\/pages\/6535\/revisions\/6950"}],"wp:featuredmedia":[{"embeddable":true,"href":"https:\/\/paticientific.org\/index.php\/wp-json\/wp\/v2\/media\/5155"}],"wp:attachment":[{"href":"https:\/\/paticientific.org\/index.php\/wp-json\/wp\/v2\/media?parent=6535"}],"curies":[{"name":"wp","href":"https:\/\/api.w.org\/{rel}","templated":true}]}}