{"id":5986,"date":"2020-10-25T18:09:18","date_gmt":"2020-10-25T17:09:18","guid":{"rendered":"http:\/\/paticientific.org\/index.php\/privacidad\/"},"modified":"2020-10-25T19:06:52","modified_gmt":"2020-10-25T18:06:52","slug":"privacitat","status":"publish","type":"page","link":"https:\/\/paticientific.org\/index.php\/privacitat\/","title":{"rendered":"Pol\u00edtica de privacitat"},"content":{"rendered":"<p>[cl_row][cl_column][cl_text]<\/p>\n<h3>INTRODUCCI\u00d3<\/h3>\n<p>A Pat\u00ed Cient\u00edfic, sensibilitzats amb les necessitats dels usuaris d&#8217;Internet i conscients de la import\u00e0ncia de la rigorosa privacitat de la informaci\u00f3 personal que ens confien, incloem aquesta declaraci\u00f3 de privacitat a fi que siguis conscient de la pol\u00edtica en el tractament de les dades personals que obt\u00e9 dels seus visitants i usuaris.<\/p>\n<p>Com a usuari, acceptes aquestes condicions pel mer fet de llegir, visualitzar o navegar en el lloc. De no acceptar-les, has d&#8217;abandonar el lloc, sense fer cap \u00fas d&#8217;ell i el seu contingut, i sense accedir a les p\u00e0gines enlla\u00e7ades.<\/p>\n<h3 id=\"responsable\">RESPONSABLE DEL TRACTAMENT DE DADES<\/h3>\n<p>El titular del lloc i responsable del tractament de dades \u00e9s Pat\u00ed Cient\u00edfic, per a contactar pots utilitzar l&#8217;adre\u00e7a de correu electr\u00f2nic info@paticientific.org o correu postal a de Barcelona.<\/p>\n<h3 id=\"finalidad\">FINALITAT DEL TRACTAMENT DE DADES<\/h3>\n<p>En els nostres llocs web, existeixen uns apartats espec\u00edfics on pots anotar les teves dades per a rebre informaci\u00f3 sobre actualitzacions de la nostra web i d&#8217;alguns els programes que es distribueixen. Nosaltres t&#8217;assegurem que la informaci\u00f3 que ens facilitis ser\u00e0 gestionada de forma totalment confidencial.<\/p>\n<p>Formulari de contacte: Mantenir el contacti amb el teu o altres accions obligat\u00f2ries.<\/p>\n<p>Les dades s&#8217;emmagatzemaran mentre existeixi previsi\u00f3 del seu \u00fas per al fi pel qual van ser recaptats.<\/p>\n<p>No es realitzen preses de decisions automatitzades amb les teves dades.<\/p>\n<p>La web pot utilitzar cookies, consulta la nostra pol\u00edtica de cookies.<\/p>\n<h3 id=\"legitimacion\">LEGITIMACI\u00d3 DEL TRACTAMENT DE DADES<\/h3>\n<p>L&#8217;\u00fas de les teves dades es realitza perqu\u00e8 ens d\u00f3nes el teu consentiment per a usar els que ens proporciones en els formularis per a un \u00fas espec\u00edfic que s&#8217;indica en cadascun d&#8217;ells. Les teves dades nom\u00e9s s\u00f3n necessaris per als usos concrets pels quals se&#8217;t sol\u00b7liciten, si no ens els facilites, aquests serveis no s\u00f3n possibles.<\/p>\n<h3 id=\"transferencia\">TRANSFER\u00c8NCIES I CESSIONS DE DADES<\/h3>\n<p>Existeix un comprom\u00eds ferm per part nostra que les dades que proporcioni a Pat\u00ed Cient\u00edfic, no seran venuts ni cedits a terceres persones sense el previ consentiment de l&#8217;interessat en cap concepte o circumst\u00e0ncia, excepte consentiment expr\u00e9s o obligaci\u00f3 legal.<\/p>\n<p>El nostre lloc web cont\u00e9 enlla\u00e7os cap a llocs web de tercers. Pat\u00ed Cient\u00edfic no es fa responsable per les pol\u00edtiques i pr\u00e0ctiques de privacitat d&#8217;aquests altres llocs.<\/p>\n<h3 id=\"derechos\">DRETS DELS INTERESSATS<\/h3>\n<p>Tens el dret d&#8217;accedir a la informaci\u00f3 que sobre la teva persona est\u00e0 emmagatzemada en les nostres bases de dades, rectificar-la si exist\u00eds alguna errata, suprimir-la, limitar-la, oposar-te al seu tractament i retirar el teu consentiment si aquest \u00e9s el teu desig. Per a aix\u00f2 simplement has d&#8217;escriure un e-mail a l&#8217;adre\u00e7a de correu electr\u00f2nic info@paticientific.org on t&#8217;atendrem gustosament qualsevol consulta, comentari o aclariment requerit sobre aquest tema.<\/p>\n<p>Per a m\u00e9s informaci\u00f3 sobre temes relacionats, el lloc de refer\u00e8ncia en la Xarxa espanyola \u00e9s l&#8217;Ag\u00e8ncia de Protecci\u00f3 de Dades, on tens dret a reclamar.<\/p>\n<p>[\/cl_text][\/cl_column][\/cl_row]<\/p>\n","protected":false},"excerpt":{"rendered":"<p>[cl_row][cl_column][cl_text] INTRODUCCI\u00d3 A Pat\u00ed Cient\u00edfic, sensibilitzats amb les necessitats dels usuaris d&#8217;Internet i conscients de la import\u00e0ncia de la rigorosa privacitat de la informaci\u00f3 personal que ens confien, incloem aquesta declaraci\u00f3 de privacitat a fi que siguis conscient de la pol\u00edtica en el tractament de les dades personals que obt\u00e9 dels seus visitants i usuaris. Com [&hellip;]<\/p>\n","protected":false},"author":1,"featured_media":0,"parent":0,"menu_order":0,"comment_status":"closed","ping_status":"closed","template":"","meta":[],"_links":{"self":[{"href":"https:\/\/paticientific.org\/index.php\/wp-json\/wp\/v2\/pages\/5986"}],"collection":[{"href":"https:\/\/paticientific.org\/index.php\/wp-json\/wp\/v2\/pages"}],"about":[{"href":"https:\/\/paticientific.org\/index.php\/wp-json\/wp\/v2\/types\/page"}],"author":[{"embeddable":true,"href":"https:\/\/paticientific.org\/index.php\/wp-json\/wp\/v2\/users\/1"}],"replies":[{"embeddable":true,"href":"https:\/\/paticientific.org\/index.php\/wp-json\/wp\/v2\/comments?post=5986"}],"version-history":[{"count":3,"href":"https:\/\/paticientific.org\/index.php\/wp-json\/wp\/v2\/pages\/5986\/revisions"}],"predecessor-version":[{"id":6007,"href":"https:\/\/paticientific.org\/index.php\/wp-json\/wp\/v2\/pages\/5986\/revisions\/6007"}],"wp:attachment":[{"href":"https:\/\/paticientific.org\/index.php\/wp-json\/wp\/v2\/media?parent=5986"}],"curies":[{"name":"wp","href":"https:\/\/api.w.org\/{rel}","templated":true}]}}