{"id":5985,"date":"2020-10-25T18:09:18","date_gmt":"2020-10-25T17:09:18","guid":{"rendered":"http:\/\/paticientific.org\/index.php\/aviso-legal\/"},"modified":"2020-10-25T19:06:38","modified_gmt":"2020-10-25T18:06:38","slug":"avis-legal","status":"publish","type":"page","link":"https:\/\/paticientific.org\/index.php\/avis-legal\/","title":{"rendered":"Av\u00eds legal"},"content":{"rendered":"<p>[cl_row][cl_column][cl_text]<\/p>\n<h3>DADES IDENTIFICATIVES DEL TITULAR DEL LLOC WEB<\/h3>\n<p>En compliment del deure d&#8217;informaci\u00f3 estipulat en l&#8217;article 10 de la Llei 34\/2002 d&#8217;11 de juliol de Serveis de la Societat de la Informaci\u00f3 i de Comer\u00e7 Electr\u00f2nic, Pat\u00ed Cient\u00edfic, d&#8217;ara endavant Pat\u00ed Cient\u00edfic, en qualitat de titular del lloc web paticientific.org, amb domicili en a Barcelona, adre\u00e7a de correu electr\u00f2nic info@paticientific.org, procedeix a comunicar-los la present informaci\u00f3 que conforma i regula les condicions d&#8217;\u00fas en aquesta p\u00e0gina, les limitacions de responsabilitat i les obligacions que, els usuaris del lloc web que es publica sota el nom de domini paticientific.org, assumeixen i es comprometen a respectar.<\/p>\n<h3>CONDICIONS D&#8217;\u00daS<\/h3>\n<p>La utilitzaci\u00f3 de paticientific.org atorga la condici\u00f3 d&#8217;Usuari\u00a0de paticientific.org, b\u00e9 sigui persona f\u00edsica o jur\u00eddica i obligat\u00f2riament implica l&#8217;acceptaci\u00f3 completa, plena i sense reserves de totes i cadascuna de les cl\u00e0usules i condicions generals incloses en l&#8217;Av\u00eds Legal. Si l&#8217;Usuari\u00a0no estigu\u00e9s conforme amb les cl\u00e0usules i condicions d&#8217;\u00fas d&#8217;aquest Av\u00eds Legal, s&#8217;abstindr\u00e0 d&#8217;utilitzar paticientific.org. Aquest Av\u00eds Legal est\u00e0 subjecte a canvis i actualitzacions pel que la versi\u00f3 publicada per Pat\u00ed Cient\u00edfic pot ser diferent a cada moment en qu\u00e8 l&#8217;Usuari accedeixi al Portal. Per tant, l&#8217;Usuari ha de llegir l&#8217;Av\u00eds Legal en totes i cadascuna de les ocasions en qu\u00e8 accedeixi a paticientific.org.<\/p>\n<p>A trav\u00e9s de paticientific.org, Pat\u00ed Cient\u00edfic facilita a l&#8217;Usuari l&#8217;acc\u00e9s i la utilitzaci\u00f3 de diversos Continguts publicats per mitj\u00e0 d&#8217;Internet per Pat\u00ed Cient\u00edfic o per tercers autoritzats.<\/p>\n<p>L&#8217;Usuari est\u00e0 obligat i es compromet a utilitzar paticientific.org i els Continguts de conformitat amb la legislaci\u00f3 vigent, l&#8217;Av\u00eds Legal, i qualsevol altre av\u00eds o instruccions posats en el seu coneixement, b\u00e9 sigui per mitj\u00e0 d&#8217;aquest av\u00eds legal o en qualsevol altre lloc dins dels Continguts que conformen paticientific.org, com s\u00f3n les normes de conviv\u00e8ncia, la moral i bons costums generalment acceptades. A aquest efecte, l&#8217;Usuari s&#8217;obliga i compromet a NO utilitzar qualsevol dels Continguts amb finalitats o efectes il\u00b7l\u00edcits, prohibits en l&#8217;Av\u00eds Legal o per la legislaci\u00f3 vigent, lesius dels drets i interessos de tercers, o que de qualsevol forma puguin danyar, inutilitzar, sobrecarregar, deteriorar o impedir la normal utilitzaci\u00f3 dels Continguts, els equips inform\u00e0tics o els documents, arxius i tota classe de continguts emmagatzemats en qualsevol equip inform\u00e0tic propis o contractats per Pat\u00ed Cient\u00edfic, d&#8217;un altre USUARI o de qualsevol usuari d&#8217;Internet (maquinari i programari).<\/p>\n<p>L&#8217;Usuari s&#8217;obliga i es compromet a no transmetre, difondre o posar a la disposici\u00f3 de tercers qualsevol classe de material contingut en paticientific.org, com ara informacions, textos, dades, continguts, missatges, gr\u00e0fics, dibuixos, arxius de so i\/o imatge, fotografies, enregistraments, programari, logotips, marques, icones, tecnologia, fotografies, programari, enlla\u00e7os, dissenyo gr\u00e0fic i codis font, o qualsevol altre material al qual tingu\u00e9s acc\u00e9s en la seva condici\u00f3 d&#8217;Usuari de paticientific.org, sense que aquesta enumeraci\u00f3 tingui car\u00e0cter limitatiu. Aix\u00ed mateix, de conformitat amb tot aix\u00f2, l&#8217;Usuari no podr\u00e0:<\/p>\n<ul>\n<li>Reproduir, copiar, distribuir, posar a disposici\u00f3 o de qualsevol altra forma comunicar p\u00fablicament, transformar o modificar els Continguts, tret que es compti amb l&#8217;autoritzaci\u00f3 escrita i expl\u00edcita de Pat\u00ed Cient\u00edfic, que \u00e9s titular dels corresponents drets, o b\u00e9 que aix\u00f2 resulti legalment perm\u00e8s.<\/li>\n<li>Suprimir, manipular o de qualsevol forma alterar el \u201ccopyright\u201d i altres dades identificatives de la reserva de drets de Pat\u00ed Cient\u00edfic o dels seus titulars, de les petjades i\/o identificadors digitals, marques d&#8217;aigua, o de qualssevol altres mitjans t\u00e8cnics establerts per al seu reconeixement.<\/li>\n<\/ul>\n<p>L&#8217;Usuari haur\u00e0 d&#8217;abstenir-se d&#8217;obtenir i fins i tot d&#8217;intentar obtenir els Continguts emprant per a aix\u00f2 mitjans o procediments diferents dels que, segons els casos, s&#8217;hagin posat a la seva disposici\u00f3 a aquest efecte o s&#8217;hagin indicat a aquest efecte en les p\u00e0gines web on es trobin els Continguts o, en general, dels que s&#8217;emprin habitualment en Internet a aquest efecte sempre que no comportin un risc de mal o inutilitzaci\u00f3 de paticientific.org, i\/o dels Continguts.<\/p>\n<h3>PROPIETAT INTEL\u00b7LECTUAL<\/h3>\n<p>Totes les marques, noms comercials o signes distintius de qualsevol classe que apareixen en paticientific.org s\u00f3n propietat de Pat\u00ed Cient\u00edfic o, en el seu cas, dels seus respectius propietaris, sense que pugui entendre&#8217;s que l&#8217;\u00fas o acc\u00e9s al Portal i\/o als Continguts atribueixi a l&#8217;Usuari dret algun sobre les citades marques, noms comercials i\/o signes distintius i sense que puguin entendre&#8217;s cedits a l&#8217;Usuari, cap dels drets d&#8217;explotaci\u00f3 que existeixen o puguin existir sobre aquests Continguts. D&#8217;igual manera els Continguts s\u00f3n propietat intel\u00b7lectual de Pat\u00ed Cient\u00edfic, o de tercers en el seu cas, per tant, els drets de Propietat Intel\u00b7lectual s\u00f3n titularitat de Pat\u00ed Cient\u00edfic o de tercers que han autoritzat el seu \u00fas, als qui correspon l&#8217;exercici exclusiu dels drets d&#8217;explotaci\u00f3 dels mateixos en qualsevol forma i, especialment, els drets de reproducci\u00f3, distribuci\u00f3, comunicaci\u00f3 p\u00fablica i transformaci\u00f3. La utilitzaci\u00f3 no autoritzada de la informaci\u00f3 continguda en aquesta Web, aix\u00ed com la lesi\u00f3 dels drets de Propietat Intel\u00b7lectual o Industrial de Pat\u00ed Cient\u00edfic o de tercers inclosos en paticientific.org que hagin cedit continguts donar\u00e0 lloc a les responsabilitats legalment establertes.<\/p>\n<h3>DISPONIBILITAT DE PATICIENTIFIC.ORG<\/h3>\n<p>Pat\u00ed Cient\u00edfic no garanteix la inexist\u00e8ncia d&#8217;interrupcions o errors en l&#8217;acc\u00e9s a paticientific.org, als seus continguts, ni que aquest es trobin actualitzats, encara que desenvolupar\u00e0 els seus millors esfor\u00e7os per a, en el seu cas, evitar-los, esmenar-los o actualitzar-los. Per conseg\u00fcent, Pat\u00ed Cient\u00edfic no es responsabilitza dels danys o perjudicis de qualsevol tipus produ\u00efts en l&#8217;Usuari que portin causa de fallades o desconnexions en les xarxes de telecomunicacions que produeixin la suspensi\u00f3, cancel\u00b7laci\u00f3 o interrupci\u00f3 del servei del portal durant la prestaci\u00f3 del mateix o amb car\u00e0cter previ.<\/p>\n<p>Pat\u00ed Cient\u00edfic exclou, amb les excepcions contemplades en la legislaci\u00f3 vigent, qualsevol responsabilitat pels danys i perjudicis de tota naturalesa que puguin deure&#8217;s a la falta de disponibilitat, continu\u00eftat o qualitat del funcionament de paticientific.org i dels Continguts, al no compliment de l&#8217;expectativa d&#8217;utilitat que l&#8217;USUARI hagu\u00e9s pogut atribuir a paticientific.org i als Continguts.<\/p>\n<p>La funci\u00f3 dels Hiperenlaces que apareixen en aquesta Web \u00e9s exclusivament la d&#8217;informar l&#8217;Usuari sobre l&#8217;exist\u00e8ncia d&#8217;altres Web que contenen informaci\u00f3 sobre la mat\u00e8ria. Dits Hiperenlaces no constitueixen suggeriment ni cap recomanaci\u00f3.<\/p>\n<p>Pat\u00ed Cient\u00edfic no es fa responsable dels continguts d&#8217;aquestes p\u00e0gines enlla\u00e7ades, del funcionament o utilitat dels Hiperenlaces ni del resultat d&#8217;aquests enlla\u00e7os, ni garanteix l&#8217;abs\u00e8ncia de virus o altres elements en els mateixos que puguin produir alteracions en el sistema inform\u00e0tic (maquinari i programari), els documents o els fitxers de l&#8217;Usuari, excloent qualsevol responsabilitat pels danys de qualsevol classe causats a l&#8217;Usuari per aquest motiu.<\/p>\n<p>L&#8217;acc\u00e9s a paticientific.org no implica l&#8217;obligaci\u00f3 per part de Pat\u00ed Cient\u00edfic de controlar l&#8217;abs\u00e8ncia de virus, cucs o qualsevol altre element inform\u00e0tic nociu. Correspon a l&#8217;Usuari, en tot cas, la disponibilitat d&#8217;eines adequades per a la detecci\u00f3 i desinfecci\u00f3 de programes inform\u00e0tics nocius, per tant, Pat\u00ed Cient\u00edfic no es fa responsable dels possibles errors de seguretat que es puguin produir durant la prestaci\u00f3 del servei de paticientific.org, ni dels possibles danys que puguin causar-se al sistema inform\u00e0tic de l&#8217;Usuari o de tercers (maquinari i programari), els fitxers o documents emmagatzemats en aquest, a conseq\u00fc\u00e8ncia de la pres\u00e8ncia de virus en l&#8217;ordinador de l&#8217;Usuari utilitzat per a la connexi\u00f3 als serveis i continguts de la Web, d&#8217;un mal funcionament del navegador o de l&#8217;\u00fas de versions no actualitzades d&#8217;aquest.<\/p>\n<p>La prestaci\u00f3 del servei de paticientific.org i dels Continguts t\u00e9, en principi, durada indefinida. Pat\u00ed Cient\u00edfic, no obstant aix\u00f2, queda autoritzat per a donar per acabada o suspendre la prestaci\u00f3 del servei de paticientific.org i\/o de qualsevol dels Continguts en qualsevol moment. Quan aix\u00f2 sigui raonablement possible, Pat\u00ed Cient\u00edfic advertir\u00e0 pr\u00e8viament la terminaci\u00f3 o suspensi\u00f3 de paticientific.org.<\/p>\n<h3>QUALITAT DE PATICIENTIFIC.ORG<\/h3>\n<p>Donat l&#8217;entorn din\u00e0mic i canviant de la informaci\u00f3 i serveis que se subministren per mitj\u00e0 de paticientific.org, Pat\u00ed Cient\u00edfic realitza el seu millor esfor\u00e7, per\u00f2 no garanteix la completa veracitat, exactitud, fiabilitat, utilitat i\/o actualitat dels Continguts. La informaci\u00f3 continguda en les p\u00e0gines que componen aquest Portal nom\u00e9s t\u00e9 car\u00e0cter informatiu, consultiu, divulgatiu i publicitari. En cap cas ofereixen ni tenen car\u00e0cter de comprom\u00eds vinculant o contractual.<\/p>\n<h3>LIMITACI\u00d3 DE RESPONSABILITAT<\/h3>\n<p>Pat\u00ed Cient\u00edfic exclou tota responsabilitat per les decisions que l&#8217;Usuari pugui prendre basat en aquesta informaci\u00f3, aix\u00ed com pels possibles errors tipogr\u00e0fics que puguin contenir els documents i gr\u00e0fics de paticientific.org. La informaci\u00f3 est\u00e0 sotmesa a possibles canvis peri\u00f2dics sense previ av\u00eds del seu contingut per ampliaci\u00f3, millora, correcci\u00f3 o actualitzaci\u00f3 dels Continguts.<\/p>\n<h3>NOTIFICACIONS<\/h3>\n<p>Totes les notificacions i comunicacions per part de Pat\u00ed Cient\u00edfic a l&#8217;Usuari realitzats per qualsevol mitj\u00e0 es consideraran efica\u00e7os amb car\u00e0cter general.<\/p>\n<h3>JURISDICCI\u00d3<\/h3>\n<p>Per a quantes q\u00fcestions se suscitin sobre la interpretaci\u00f3, aplicaci\u00f3 i compliment d&#8217;aquest Av\u00eds Legal, aix\u00ed com de les reclamacions que puguin derivar-se del seu \u00fas, tots les parts intervinents se sotmeten als Jutges i Tribunals de la prov\u00edncia de Barcelona, renunciant de manera expressa a qualsevol altre fur que pogu\u00e9s correspondre&#8217;ls.<\/p>\n<h3>LEGISLACI\u00d3 APLICABLE<\/h3>\n<p>El present Av\u00eds Legal es regeix per la normativa espanyola vigent.<\/p>\n<p>[\/cl_text][\/cl_column][\/cl_row]<\/p>\n","protected":false},"excerpt":{"rendered":"<p>[cl_row][cl_column][cl_text] DADES IDENTIFICATIVES DEL TITULAR DEL LLOC WEB En compliment del deure d&#8217;informaci\u00f3 estipulat en l&#8217;article 10 de la Llei 34\/2002 d&#8217;11 de juliol de Serveis de la Societat de la Informaci\u00f3 i de Comer\u00e7 Electr\u00f2nic, Pat\u00ed Cient\u00edfic, d&#8217;ara endavant Pat\u00ed Cient\u00edfic, en qualitat de titular del lloc web paticientific.org, amb domicili en a Barcelona, adre\u00e7a [&hellip;]<\/p>\n","protected":false},"author":1,"featured_media":0,"parent":0,"menu_order":0,"comment_status":"closed","ping_status":"closed","template":"","meta":[],"_links":{"self":[{"href":"https:\/\/paticientific.org\/index.php\/wp-json\/wp\/v2\/pages\/5985"}],"collection":[{"href":"https:\/\/paticientific.org\/index.php\/wp-json\/wp\/v2\/pages"}],"about":[{"href":"https:\/\/paticientific.org\/index.php\/wp-json\/wp\/v2\/types\/page"}],"author":[{"embeddable":true,"href":"https:\/\/paticientific.org\/index.php\/wp-json\/wp\/v2\/users\/1"}],"replies":[{"embeddable":true,"href":"https:\/\/paticientific.org\/index.php\/wp-json\/wp\/v2\/comments?post=5985"}],"version-history":[{"count":4,"href":"https:\/\/paticientific.org\/index.php\/wp-json\/wp\/v2\/pages\/5985\/revisions"}],"predecessor-version":[{"id":6005,"href":"https:\/\/paticientific.org\/index.php\/wp-json\/wp\/v2\/pages\/5985\/revisions\/6005"}],"wp:attachment":[{"href":"https:\/\/paticientific.org\/index.php\/wp-json\/wp\/v2\/media?parent=5985"}],"curies":[{"name":"wp","href":"https:\/\/api.w.org\/{rel}","templated":true}]}}