{"id":488,"date":"2017-01-31T20:25:15","date_gmt":"2017-01-31T20:25:15","guid":{"rendered":"http:\/\/codeless.co\/folie\/default\/?page_id=488"},"modified":"2022-03-17T13:59:49","modified_gmt":"2022-03-17T12:59:49","slug":"test","status":"publish","type":"page","link":"https:\/\/paticientific.org\/","title":{"rendered":"Home"},"content":{"rendered":"<p>[cl_slider slider_height=\u00bb875&#8243; fullheight=\u00bb1&#8243; fullheight_slider=\u00bb1&#8243; autoplay=\u00bb8000&#8243; responsive_plain_slider=\u00bb0&#8243;][cl_slide][cl_row background_color=\u00bbrgba(18,2,20,0)\u00bb overlay=\u00bbcolor\u00bb overlay_color=\u00bb#0032ff\u00bb animation=\u00bbalpha-anim\u00bb animation_speed=\u00bb300&#8243; parallax=\u00bb1&#8243; text_color=\u00bblight-text\u00bb overlay_opacity=\u00bb0.7&#8243; background_position=\u00bbcenter center\u00bb fullheight=\u00bb1&#8243; video=\u00bbself\u00bb row_video_loop=\u00bb1&#8243; video_mp4=\u00bbhttp:\/\/paticientific.org\/wp-content\/uploads\/2020\/10\/paticatalahome.mp4&#8243; overlay_gradient=\u00bbsolid_vault\u00bb][cl_column css_style=\u00bbpadding-top:0px|padding-bottom:0px|padding-left:0px|padding-right:0px\u00bb horizontal_align=\u00bbmiddle\u00bb][cl_custom_heading typography=\u00bbcustom_font\u00bb text_font_size=\u00bb70&#8243; text_line_height=\u00bb80&#8243; css_style=\u00bbmargin-top:40px\u00bb animation=\u00bbbottom-t-top\u00bb animation_delay=\u00bb600&#8243; text_color=\u00bb#ffffff\u00bb text_transform=\u00bbnone\u00bb custom_responsive_992_bool=\u00bb1&#8243; custom_responsive_768_bool=\u00bb1&#8243; custom_responsive_992_size=\u00bb64px\u00bb custom_responsive_992_line_height=\u00bb64px\u00bb custom_responsive_768_size=\u00bb24px\u00bb custom_responsive_768_line_height=\u00bb36px\u00bb animation_speed=\u00bb500&#8243; custom_responsive_992_bool_ch=\u00bb1&#8243; custom_responsive_768_bool_ch=\u00bb1&#8243; text_font_family=\u00bbPoppins\u00bb]<\/p>\n<p><span style=\"letter-spacing: 0px; display: inline !important;\">MAR | CI\u00c8NCIA |\u00a0<\/span><span style=\"letter-spacing: 0px; display: inline !important;\">CIUTADANIA<\/span><\/p>\n<p>[\/cl_custom_heading][cl_text custom_typography=\u00bb1&#8243; text_font_size=\u00bb40&#8243; css_style=\u00bbmargin-top:40px|margin-bottom:20px\u00bb text_font_weight=\u00bb300&#8243;]<\/p>\n<p>Ci\u00e8ncia sostenible i de tothom<\/p>\n<p>[\/cl_text][cl_text custom_typography=\u00bb1&#8243; text_font_size=\u00bb20&#8243; text_line_height=\u00bb32&#8243; text_color=\u00bb#ffffff\u00bb animation=\u00bbbottom-t-top\u00bb animation_delay=\u00bb700&#8243; css_style=\u00bbmargin-top:10px\u00bb animation_speed=\u00bb500&#8243; text_font_weight=\u00bb300&#8243;]<\/p>\n<p style=\"text-align: center;\">El <b>projecte AULAMAR<\/b> \u00e9s una plataforma d\u2019uni\u00f3 entre participaci\u00f3, conscienciaci\u00f3 i coneixement de la costa de Barcelona.<\/p>\n<p>[\/cl_text][cl_button btn_title=\u00bbCONEIX EL PROJECTE\u00bb button_bg_color=\u00bb#00d7ff\u00bb button_border_color=\u00bb#dd9933&#8243; link=\u00bbhttps:\/\/paticientific.org\/index.php\/aulamar\/\u00bb animation=\u00bbbottom-t-top\u00bb animation_delay=\u00bb900&#8243; animation_speed=\u00bb500&#8243; overwrite_style=\u00bb1&#8243;][\/cl_column][\/cl_row][\/cl_slide][cl_slide][cl_row fullheight=\u00bb1&#8243; background_color=\u00bb#0032ff\u00bb background_image=\u00bbid:7|url:http%253A%252F%252Fpaticientific.org%252Fwp-content%252Fuploads%252F2020%252F09%252Fpaticientific2.png\u00bb overlay=\u00bbcolor\u00bb overlay_color=\u00bb#0032ff\u00bb animation=\u00bbalpha-anim\u00bb animation_speed=\u00bb300&#8243; parallax=\u00bb1&#8243; text_color=\u00bblight-text\u00bb overlay_opacity=\u00bb0.7&#8243;][cl_column css_style=\u00bbpadding-top:0px|padding-bottom:0px|padding-left:0px|padding-right:0px\u00bb horizontal_align=\u00bbmiddle\u00bb][cl_custom_heading typography=\u00bbcustom_font\u00bb text_font_size=\u00bb70&#8243; text_line_height=\u00bb80&#8243; css_style=\u00bbmargin-top:40px\u00bb animation=\u00bbbottom-t-top\u00bb animation_delay=\u00bb600&#8243; text_color=\u00bb#ffffff\u00bb text_transform=\u00bbnone\u00bb custom_responsive_992_bool=\u00bb1&#8243; custom_responsive_768_bool=\u00bb1&#8243; custom_responsive_992_size=\u00bb64px\u00bb custom_responsive_992_line_height=\u00bb64px\u00bb custom_responsive_768_size=\u00bb24px\u00bb custom_responsive_768_line_height=\u00bb36px\u00bb animation_speed=\u00bb500&#8243; custom_responsive_992_bool_ch=\u00bb1&#8243; custom_responsive_768_bool_ch=\u00bb1&#8243;]<\/p>\n<p>MAR | CI\u00c8NCIA | CIUTADANIA<\/p>\n<p>[\/cl_custom_heading][cl_text custom_typography=\u00bb1&#8243; text_font_size=\u00bb20&#8243; text_line_height=\u00bb32&#8243; text_color=\u00bb#f4f4f4&#8243; animation=\u00bbbottom-t-top\u00bb animation_delay=\u00bb700&#8243; css_style=\u00bbmargin-top:30px|margin-bottom:30px|margin-left:\u00bb animation_speed=\u00bb500&#8243; text_font_weight=\u00bb300&#8243;]<\/p>\n<p>Desenvolupem un monitoratge de les aig\u00fces costaneres de Barcelona mitjan\u00e7ant el\u00a0<b>Pat\u00ed de vela<\/b>.<\/p>\n<p>[\/cl_text][cl_button btn_title=\u00bbCONEIX EL PROJECTE\u00bb button_bg_color=\u00bb#00d7ff\u00bb button_border_color=\u00bb\u00bb link=\u00bbhttps:\/\/paticientific.org\/index.php\/pati-cientific\/\u00bb animation=\u00bbbottom-t-top\u00bb animation_delay=\u00bb900&#8243; animation_speed=\u00bb500&#8243; overwrite_style=\u00bb1&#8243;][\/cl_column][\/cl_row][\/cl_slide][\/cl_slider][cl_row css_style=\u00bbpadding-top:70px|padding-bottom:70px|border-top-width:1px\u00bb border_color=\u00bb#eeeeee\u00bb background_color=\u00bb#ffffff\u00bb columns_gap=\u00bb0&#8243;][cl_column horizontal_align=\u00bbmiddle\u00bb css_style=\u00bbpadding-top:|padding-bottom:\u00bb][cl_custom_heading typography=\u00bbcustom_font\u00bb text_font_size=\u00bb40&#8243; text_transform=\u00bbnone\u00bb text_color=\u00bb#000000&#8243; css_style=\u00bbmargin-top:20px\u00bb text_line_height=\u00bb52&#8243; animation_delay=\u00bb400&#8243; text_font_weight=\u00bb800&#8243;]<\/p>\n<p style=\"text-align: center;\">Diari del Pat\u00ed<\/p>\n<p>[\/cl_custom_heading][cl_blog blog_animation=\u00bbbottom-t-top\u00bb image_size=\u00bbteam_size\u00bb css_style=\u00bbpadding-bottom:\u00bb][cl_button btn_title=\u00bbAnar al blog\u00bb css_style=\u00bbmargin-top:|padding-top:\u00bb link=\u00bbhttp:\/\/paticientific.org\/index.php\/blog\/\u00bb][\/cl_column][\/cl_row][cl_row css_style=\u00bbpadding-top:150px|padding-bottom:150px|border-top-width:|border-right-width:|border-bottom-width:|padding-right:\u00bb background_color=\u00bb#ffffff\u00bb border_color=\u00bb#eeeeee\u00bb equal_height=\u00bb1&#8243; custom_width_bool=\u00bb1&#8243; custom_width=\u00bb730&#8243; background_image=\u00bbid:5403|url:http%253A%252F%252Fpaticientific.org%252Fwp-content%252Fuploads%252F2020%252F10%252Fbackground2.jpg\u00bb overlay=\u00bbcolor\u00bb overlay_color=\u00bbrgba(10,10,10,0.9)\u00bb overlay_opacity=\u00bb0.1&#8243; background_position=\u00bbcenter top\u00bb][cl_column css_style=\u00bbpadding-top:0px|padding-bottom:0px|padding-left:0px|padding-right:0px\u00bb horizontal_align=\u00bbmiddle\u00bb][cl_custom_heading typography=\u00bbcustom_font\u00bb text_font_size=\u00bb40&#8243; text_transform=\u00bbnone\u00bb text_color=\u00bb#000000&#8243; css_style=\u00bbmargin-top:20px\u00bb text_line_height=\u00bb52&#8243; animation_delay=\u00bb400&#8243; text_font_weight=\u00bb800&#8243;]<\/p>\n<p style=\"text-align: center;\">Dades<\/p>\n<p>[\/cl_custom_heading][cl_text custom_typography=\u00bb1&#8243; text_font_size=\u00bb20&#8243; text_line_height=\u00bb32&#8243; text_color=\u00bb#000000&#8243; animation_delay=\u00bb1000&#8243; animation_speed=\u00bb800&#8243; css_style=\u00bbmargin-top:10px\u00bb margin_paragraphs=\u00bb0&#8243; text_font_weight=\u00bb300&#8243;]<\/p>\n<p style=\"text-align: center;\">Dades adquirides de diferents variables oceanogr\u00e0fiques i meteorol\u00f2giques.<\/p>\n<p>[\/cl_text][cl_button css_style=\u00bbmargin-top:50px\u00bb btn_title=\u00bbVeure les dades\u00bb link=\u00bbhttp:\/\/paticientific.org\/index.php\/dades\/\u00bb link_target=\u00bb_blank\u00bb animation=\u00bbbottom-t-top\u00bb][\/cl_column][\/cl_row]<\/p>\n","protected":false},"excerpt":{"rendered":"<p>[cl_slider slider_height=\u00bb875&#8243; fullheight=\u00bb1&#8243; fullheight_slider=\u00bb1&#8243; autoplay=\u00bb8000&#8243; responsive_plain_slider=\u00bb0&#8243;][cl_slide][cl_row background_color=\u00bbrgba(18,2,20,0)\u00bb overlay=\u00bbcolor\u00bb overlay_color=\u00bb#0032ff\u00bb animation=\u00bbalpha-anim\u00bb animation_speed=\u00bb300&#8243; parallax=\u00bb1&#8243; text_color=\u00bblight-text\u00bb overlay_opacity=\u00bb0.7&#8243; background_position=\u00bbcenter center\u00bb fullheight=\u00bb1&#8243; video=\u00bbself\u00bb row_video_loop=\u00bb1&#8243; video_mp4=\u00bbhttp:\/\/paticientific.org\/wp-content\/uploads\/2020\/10\/paticatalahome.mp4&#8243; overlay_gradient=\u00bbsolid_vault\u00bb][cl_column css_style=\u00bbpadding-top:0px|padding-bottom:0px|padding-left:0px|padding-right:0px\u00bb horizontal_align=\u00bbmiddle\u00bb][cl_custom_heading typography=\u00bbcustom_font\u00bb text_font_size=\u00bb70&#8243; text_line_height=\u00bb80&#8243; css_style=\u00bbmargin-top:40px\u00bb animation=\u00bbbottom-t-top\u00bb animation_delay=\u00bb600&#8243; text_color=\u00bb#ffffff\u00bb text_transform=\u00bbnone\u00bb custom_responsive_992_bool=\u00bb1&#8243; custom_responsive_768_bool=\u00bb1&#8243; custom_responsive_992_size=\u00bb64px\u00bb custom_responsive_992_line_height=\u00bb64px\u00bb custom_responsive_768_size=\u00bb24px\u00bb custom_responsive_768_line_height=\u00bb36px\u00bb animation_speed=\u00bb500&#8243; custom_responsive_992_bool_ch=\u00bb1&#8243; custom_responsive_768_bool_ch=\u00bb1&#8243; text_font_family=\u00bbPoppins\u00bb] MAR | CI\u00c8NCIA |\u00a0CIUTADANIA [\/cl_custom_heading][cl_text custom_typography=\u00bb1&#8243; text_font_size=\u00bb40&#8243; css_style=\u00bbmargin-top:40px|margin-bottom:20px\u00bb text_font_weight=\u00bb300&#8243;] Ci\u00e8ncia sostenible i de tothom [\/cl_text][cl_text [&hellip;]<\/p>\n","protected":false},"author":1,"featured_media":0,"parent":0,"menu_order":0,"comment_status":"closed","ping_status":"closed","template":"","meta":[],"_links":{"self":[{"href":"https:\/\/paticientific.org\/index.php\/wp-json\/wp\/v2\/pages\/488"}],"collection":[{"href":"https:\/\/paticientific.org\/index.php\/wp-json\/wp\/v2\/pages"}],"about":[{"href":"https:\/\/paticientific.org\/index.php\/wp-json\/wp\/v2\/types\/page"}],"author":[{"embeddable":true,"href":"https:\/\/paticientific.org\/index.php\/wp-json\/wp\/v2\/users\/1"}],"replies":[{"embeddable":true,"href":"https:\/\/paticientific.org\/index.php\/wp-json\/wp\/v2\/comments?post=488"}],"version-history":[{"count":100,"href":"https:\/\/paticientific.org\/index.php\/wp-json\/wp\/v2\/pages\/488\/revisions"}],"predecessor-version":[{"id":7031,"href":"https:\/\/paticientific.org\/index.php\/wp-json\/wp\/v2\/pages\/488\/revisions\/7031"}],"wp:attachment":[{"href":"https:\/\/paticientific.org\/index.php\/wp-json\/wp\/v2\/media?parent=488"}],"curies":[{"name":"wp","href":"https:\/\/api.w.org\/{rel}","templated":true}]}}