{"id":1583,"date":"2017-02-25T14:33:40","date_gmt":"2017-02-25T13:33:40","guid":{"rendered":"http:\/\/codeless.co\/folie\/default\/?page_id=1583"},"modified":"2020-12-15T17:40:17","modified_gmt":"2020-12-15T16:40:17","slug":"contacte","status":"publish","type":"page","link":"https:\/\/paticientific.org\/index.php\/contacte\/","title":{"rendered":"Contacte"},"content":{"rendered":"<p>[cl_page_header title=\u00bbContacte\u00bb type=\u00bbmodern\u00bb height=\u00bb300&#8243; text_color=\u00bblight-text\u00bb background_image=\u00bbid:5483|url:http%253A%252F%252Fpaticientific.org%252Fwp-content%252Fuploads%252F2020%252F10%252Fcontacte.jpg\u00bb overlay=\u00bbcolor\u00bb overlay_color=\u00bb#0032ff\u00bb background_position=\u00bbcenter center\u00bb typography=\u00bbcustom_font\u00bb title_font_size=\u00bb60&#8243; title_font_weight=\u00bb800&#8243; add_description=\u00bb1&#8243; description=\u00bbSi vols saber res m\u00e9s sobre el projecte Pat\u00ed Cient\u00edfic pots escriure&#8217;ns mitjan\u00e7ant aquest formulari\u00bb title_line_height=\u00bb72&#8243; desc_font_size=\u00bb20&#8243; desc_line_height=\u00bb30&#8243; background_color=\u00bb#ffffff\u00bb][cl_row columns_gap=\u00bb35&#8243; css_style=\u00bbpadding-top:|padding-bottom:|padding-right:|padding-left:\u00bb background_color=\u00bb#efefef\u00bb custom_width_bool=\u00bb1&#8243; custom_width=\u00bb700&#8243;][cl_column horizontal_align=\u00bbmiddle\u00bb vertical_align=\u00bbmiddle\u00bb css_style=\u00bbpadding-top:40px|padding-bottom:40px\u00bb][cl_contact_form7 id=\u00bb5485&#8243; style=\u00bbnone\u00bb][\/cl_column][\/cl_row]<\/p>\n","protected":false},"excerpt":{"rendered":"<p>[cl_page_header title=\u00bbContacte\u00bb type=\u00bbmodern\u00bb height=\u00bb300&#8243; text_color=\u00bblight-text\u00bb background_image=\u00bbid:5483|url:http%253A%252F%252Fpaticientific.org%252Fwp-content%252Fuploads%252F2020%252F10%252Fcontacte.jpg\u00bb overlay=\u00bbcolor\u00bb overlay_color=\u00bb#0032ff\u00bb background_position=\u00bbcenter center\u00bb typography=\u00bbcustom_font\u00bb title_font_size=\u00bb60&#8243; title_font_weight=\u00bb800&#8243; add_description=\u00bb1&#8243; description=\u00bbSi vols saber res m\u00e9s sobre el projecte Pat\u00ed Cient\u00edfic pots escriure&#8217;ns mitjan\u00e7ant aquest formulari\u00bb title_line_height=\u00bb72&#8243; desc_font_size=\u00bb20&#8243; desc_line_height=\u00bb30&#8243; background_color=\u00bb#ffffff\u00bb][cl_row columns_gap=\u00bb35&#8243; css_style=\u00bbpadding-top:|padding-bottom:|padding-right:|padding-left:\u00bb background_color=\u00bb#efefef\u00bb custom_width_bool=\u00bb1&#8243; custom_width=\u00bb700&#8243;][cl_column horizontal_align=\u00bbmiddle\u00bb vertical_align=\u00bbmiddle\u00bb css_style=\u00bbpadding-top:40px|padding-bottom:40px\u00bb][cl_contact_form7 id=\u00bb5485&#8243; style=\u00bbnone\u00bb][\/cl_column][\/cl_row]<\/p>\n","protected":false},"author":1,"featured_media":0,"parent":0,"menu_order":0,"comment_status":"closed","ping_status":"closed","template":"","meta":[],"_links":{"self":[{"href":"https:\/\/paticientific.org\/index.php\/wp-json\/wp\/v2\/pages\/1583"}],"collection":[{"href":"https:\/\/paticientific.org\/index.php\/wp-json\/wp\/v2\/pages"}],"about":[{"href":"https:\/\/paticientific.org\/index.php\/wp-json\/wp\/v2\/types\/page"}],"author":[{"embeddable":true,"href":"https:\/\/paticientific.org\/index.php\/wp-json\/wp\/v2\/users\/1"}],"replies":[{"embeddable":true,"href":"https:\/\/paticientific.org\/index.php\/wp-json\/wp\/v2\/comments?post=1583"}],"version-history":[{"count":14,"href":"https:\/\/paticientific.org\/index.php\/wp-json\/wp\/v2\/pages\/1583\/revisions"}],"predecessor-version":[{"id":6067,"href":"https:\/\/paticientific.org\/index.php\/wp-json\/wp\/v2\/pages\/1583\/revisions\/6067"}],"wp:attachment":[{"href":"https:\/\/paticientific.org\/index.php\/wp-json\/wp\/v2\/media?parent=1583"}],"curies":[{"name":"wp","href":"https:\/\/api.w.org\/{rel}","templated":true}]}}