{"id":1305,"date":"2017-02-21T15:55:07","date_gmt":"2017-02-21T15:55:07","guid":{"rendered":"http:\/\/codeless.co\/folie\/default\/?page_id=1305"},"modified":"2022-03-16T17:41:11","modified_gmt":"2022-03-16T16:41:11","slug":"equip","status":"publish","type":"page","link":"https:\/\/paticientific.org\/index.php\/equip\/","title":{"rendered":"l&#8217;Equip"},"content":{"rendered":"<p>[cl_page_header type=\u00bbmodern\u00bb height=\u00bb600&#8243; background_color=\u00bb#0032ff\u00bb background_image=\u00bbid:5436|url:http%253A%252F%252Fpaticientific.org%252Fwp-content%252Fuploads%252F2020%252F10%252Fequip1.jpg\u00bb description=\u00bbEn el projecte hi formen part cinc institucions: l\u2019Institut de Ci\u00e8ncies de Mar (ICM-CSIC), la Facultat de N\u00e0utica de Barcelona (UPC-FNB), el Club Pat\u00ed Vela de Barcelona (CPVB), la Unitat de Tecnologia Marina (UTM-CSIC) i el FabLab Barcelona, que forma part de l&#8217;IAAC. Tamb\u00e9 hi participen col\u00b7laboradors de diferents sectors amants de la ci\u00e8ncia i el mar.\u00bb title=\u00bbl&#8217;Equip\u00bb text_color=\u00bblight-text\u00bb desc_line_height=\u00bb30&#8243; typography=\u00bbcustom_font\u00bb title_font_size=\u00bb60&#8243; title_line_height=\u00bb100&#8243; overlay=\u00bbcolor\u00bb overlay_color=\u00bb#0032ff\u00bb overlay_gradient=\u00bbdisco\u00bb title_font_weight=\u00bb800&#8243; add_description=\u00bb1&#8243; desc_font_size=\u00bb20&#8243; background_position=\u00bbcenter center\u00bb][cl_row columns_gap=\u00bb0&#8243; css_style=\u00bbpadding-top:60px|padding-bottom:60px|padding-left:\u00bb][cl_column horizontal_align=\u00bbmiddle\u00bb css_style=\u00bbpadding-top:0px|padding-left:0px\u00bb][cl_custom_heading typography=\u00bbcustom_font\u00bb text_font_size=\u00bb40&#8243; text_line_height=\u00bb52&#8243; text_transform=\u00bbnone\u00bb css_style=\u00bbmargin-top:|margin-right:|margin-bottom:\u00bb text_color=\u00bb#000000&#8243; text_font_weight=\u00bb800&#8243;]<\/p>\n<div style=\"text-align: center;\">Institut de Ci\u00e8ncies del Mar de Barcelona<\/div>\n<p>[\/cl_custom_heading][cl_team carousel_dots=\u00bb1&#8243; team_animation=\u00bbzoom-out\u00bb team_id=\u00bb1413&#8243; categories=\u00bb0:icm-csic\u00bb posts_per_page=\u00bb30&#8243; item_distance=\u00bb0&#8243; order=\u00bbASC\u00bb][cl_custom_heading typography=\u00bbcustom_font\u00bb text_font_size=\u00bb40&#8243; text_line_height=\u00bb52&#8243; text_transform=\u00bbnone\u00bb css_style=\u00bbmargin-top:20px\u00bb text_color=\u00bb#000000&#8243; text_font_weight=\u00bb800&#8243;]<\/p>\n<div style=\"text-align: center;\">Facultat de N\u00e0utica de Barcelona<\/div>\n<p>[\/cl_custom_heading][cl_team categories=\u00bb0:upc-fnb\u00bb orderby=\u00bbname\u00bb order=\u00bbASC\u00bb team_animation=\u00bbbottom-t-top\u00bb][cl_custom_heading typography=\u00bbcustom_font\u00bb text_font_size=\u00bb40&#8243; text_line_height=\u00bb52&#8243; text_transform=\u00bbnone\u00bb css_style=\u00bbmargin-top:20px\u00bb text_color=\u00bb#000000&#8243; text_font_weight=\u00bb800&#8243;]<\/p>\n<div style=\"text-align: center;\">Club Pat\u00ed Vela de Barcelona<\/div>\n<p>[\/cl_custom_heading][cl_team categories=\u00bb0:cpvb\u00bb orderby=\u00bbname\u00bb team_animation=\u00bbbottom-t-top\u00bb][cl_custom_heading typography=\u00bbcustom_font\u00bb text_font_size=\u00bb40&#8243; text_line_height=\u00bb52&#8243; text_transform=\u00bbnone\u00bb css_style=\u00bbmargin-top:20px\u00bb text_color=\u00bb#000000&#8243; text_font_weight=\u00bb800&#8243;]<\/p>\n<div style=\"text-align: center;\">Unitat de Tecnologia Marina<\/div>\n<p>[\/cl_custom_heading][cl_team categories=\u00bb0:utm-csic\u00bb orderby=\u00bbname\u00bb team_animation=\u00bbbottom-t-top\u00bb][cl_custom_heading typography=\u00bbcustom_font\u00bb text_font_size=\u00bb40&#8243; text_line_height=\u00bb52&#8243; text_transform=\u00bbnone\u00bb css_style=\u00bbmargin-top:20px\u00bb text_color=\u00bb#000000&#8243; text_font_weight=\u00bb800&#8243;]<\/p>\n<div style=\"text-align: center;\">FabLab Barcelona<\/div>\n<p>[\/cl_custom_heading][cl_team categories=\u00bb0:fablab\u00bb orderby=\u00bbname\u00bb team_animation=\u00bbbottom-t-top\u00bb][cl_custom_heading typography=\u00bbcustom_font\u00bb text_font_size=\u00bb40&#8243; text_line_height=\u00bb52&#8243; text_transform=\u00bbnone\u00bb css_style=\u00bbmargin-top:20px\u00bb text_color=\u00bb#000000&#8243; text_font_weight=\u00bb800&#8243;]<\/p>\n<div style=\"text-align: center;\">Col\u00b7laboradors<\/div>\n<p>[\/cl_custom_heading][cl_team categories=\u00bb0:colaboradors\u00bb orderby=\u00bbname\u00bb team_animation=\u00bbbottom-t-top\u00bb][\/cl_column][\/cl_row]<\/p>\n","protected":false},"excerpt":{"rendered":"<p>[cl_page_header type=\u00bbmodern\u00bb height=\u00bb600&#8243; background_color=\u00bb#0032ff\u00bb background_image=\u00bbid:5436|url:http%253A%252F%252Fpaticientific.org%252Fwp-content%252Fuploads%252F2020%252F10%252Fequip1.jpg\u00bb description=\u00bbEn el projecte hi formen part cinc institucions: l\u2019Institut de Ci\u00e8ncies de Mar (ICM-CSIC), la Facultat de N\u00e0utica de Barcelona (UPC-FNB), el Club Pat\u00ed Vela de Barcelona (CPVB), la Unitat de Tecnologia Marina (UTM-CSIC) i el FabLab Barcelona, que forma part de l&#8217;IAAC. Tamb\u00e9 hi participen col\u00b7laboradors de diferents sectors amants [&hellip;]<\/p>\n","protected":false},"author":1,"featured_media":0,"parent":0,"menu_order":0,"comment_status":"closed","ping_status":"closed","template":"","meta":[],"_links":{"self":[{"href":"https:\/\/paticientific.org\/index.php\/wp-json\/wp\/v2\/pages\/1305"}],"collection":[{"href":"https:\/\/paticientific.org\/index.php\/wp-json\/wp\/v2\/pages"}],"about":[{"href":"https:\/\/paticientific.org\/index.php\/wp-json\/wp\/v2\/types\/page"}],"author":[{"embeddable":true,"href":"https:\/\/paticientific.org\/index.php\/wp-json\/wp\/v2\/users\/1"}],"replies":[{"embeddable":true,"href":"https:\/\/paticientific.org\/index.php\/wp-json\/wp\/v2\/comments?post=1305"}],"version-history":[{"count":40,"href":"https:\/\/paticientific.org\/index.php\/wp-json\/wp\/v2\/pages\/1305\/revisions"}],"predecessor-version":[{"id":7006,"href":"https:\/\/paticientific.org\/index.php\/wp-json\/wp\/v2\/pages\/1305\/revisions\/7006"}],"wp:attachment":[{"href":"https:\/\/paticientific.org\/index.php\/wp-json\/wp\/v2\/media?parent=1305"}],"curies":[{"name":"wp","href":"https:\/\/api.w.org\/{rel}","templated":true}]}}